{"id":21075,"date":"2019-07-18T05:18:05","date_gmt":"2019-07-18T05:18:05","guid":{"rendered":"https:\/\/www.sibeag.ch\/?post_type=product&#038;p=21075"},"modified":"2026-02-18T16:45:28","modified_gmt":"2026-02-18T15:45:28","slug":"lave-clubs-ultrasonic","status":"publish","type":"product","link":"https:\/\/sibeag.ch\/fr\/practice-driving-range\/amenagement-equipement\/lave-clubs-fr1\/lave-clubs-ultrasonic\/","title":{"rendered":"Lave-clubs Ultrasonic"},"content":{"rendered":"","protected":false},"excerpt":{"rendered":"<h1>Lave-clubs Ultrasonic<\/h1>\n<p>Ce lave-clubs nettoie les clubs sans les endommager gr\u00e2ce \u00e0 la technologie d&rsquo;ultrason, qui est habituellement employ\u00e9e pour nettoyer des bijoux et des instruments m\u00e9dicaux.<\/p>\n<ul>\n<li>82 x 76 x 105 cm (L x P x H)<\/li>\n<li>Lavez jusqu&rsquo;\u00e0 12 clubs dans quelques minutes<\/li>\n<li>peut \u00eatre \u00e9quip\u00e9 avec un syst\u00e8me de paiement<\/li>\n<li>plusieurs possibilit\u00e9s de r\u00e9glages<\/li>\n<li>compacte et mobile<\/li>\n<\/ul>\n","protected":false},"featured_media":21083,"template":"","meta":{"_acf_changed":false},"product_brand":[],"product_cat":[962,1081,2766,964,2772,1000],"product_tag":[1936],"class_list":{"0":"entry","1":"author-sibeag","2":"has-excerpt","3":"post-21075","4":"product","5":"type-product","6":"status-publish","7":"has-post-thumbnail","8":"product_cat-club-house","9":"product_cat-zone-de-nettoyage","10":"product_cat-lave-clubs-fr-2","11":"product_cat-practice-driving-range","12":"product_cat-amenagement-equipement","13":"product_cat-lave-clubs-fr1","14":"product_tag-lave-clubs","16":"first","17":"instock","18":"taxable","19":"shipping-taxable","20":"purchasable","21":"product-type-simple"},"acf":[],"_links":{"self":[{"href":"https:\/\/sibeag.ch\/fr\/wp-json\/wp\/v2\/product\/21075","targetHints":{"allow":["GET"]}}],"collection":[{"href":"https:\/\/sibeag.ch\/fr\/wp-json\/wp\/v2\/product"}],"about":[{"href":"https:\/\/sibeag.ch\/fr\/wp-json\/wp\/v2\/types\/product"}],"wp:featuredmedia":[{"embeddable":true,"href":"https:\/\/sibeag.ch\/fr\/wp-json\/wp\/v2\/media\/21083"}],"wp:attachment":[{"href":"https:\/\/sibeag.ch\/fr\/wp-json\/wp\/v2\/media?parent=21075"}],"wp:term":[{"taxonomy":"product_brand","embeddable":true,"href":"https:\/\/sibeag.ch\/fr\/wp-json\/wp\/v2\/product_brand?post=21075"},{"taxonomy":"product_cat","embeddable":true,"href":"https:\/\/sibeag.ch\/fr\/wp-json\/wp\/v2\/product_cat?post=21075"},{"taxonomy":"product_tag","embeddable":true,"href":"https:\/\/sibeag.ch\/fr\/wp-json\/wp\/v2\/product_tag?post=21075"}],"curies":[{"name":"wp","href":"https:\/\/api.w.org\/{rel}","templated":true}]}}