{"id":21132,"date":"2019-07-18T06:05:51","date_gmt":"2019-07-18T06:05:54","guid":{"rendered":"https:\/\/www.sibeag.ch\/?post_type=product&#038;p=21132"},"modified":"2026-02-18T17:21:19","modified_gmt":"2026-02-18T16:21:19","slug":"station-de-3-poubelles-technowood","status":"publish","type":"product","link":"https:\/\/sibeag.ch\/fr\/club-house\/entree\/poubelle\/station-de-3-poubelles-technowood\/","title":{"rendered":"Station de 3 poubelles Technowood"},"content":{"rendered":"","protected":false},"excerpt":{"rendered":"<p><img decoding=\"async\" class=\"alignright size-medium wp-image-3355 pattisson\" src=\"https:\/\/www.sibeag.ch\/wp-content\/uploads\/Pattisson_Logo.jpg\" alt=\"Logo Pattisson\" width=\"78px\"><\/p>\n<h1>Station de 3 poubelles Technowood<\/h1>\n<p>Le nouveau mat\u00e9riel Technowood est similair au bois mais n&rsquo;est pas expos\u00e9 aux limites du bois. Le Technowood est compos\u00e9s de plastique recycl\u00e9 et fibre de verre. En plus, le film de surface garantie une r\u00e9sistance des couleurs de 10 ans et une dur\u00e9e de vie estim\u00e9 de 30 ans. sans maintenance et possibilit\u00e9s infinies<\/p>\n<ul>\n<li>82 x 45 x 132 cm (H x L x P)<\/li>\n<li>3 conteneurs en m\u00e9tal de 40 litres inclus<\/li>\n<li>avec portes pour une vidange facile<\/li>\n<\/ul>\n","protected":false},"featured_media":21142,"template":"","meta":{"_acf_changed":false},"product_brand":[],"product_cat":[962,2762,963,964,961,966,967],"product_tag":[1909],"class_list":{"0":"entry","1":"author-sibeag","2":"has-excerpt","3":"post-21132","4":"product","5":"type-product","6":"status-publish","7":"has-post-thumbnail","8":"product_cat-club-house","9":"product_cat-entree","10":"product_cat-poubelle","11":"product_cat-practice-driving-range","12":"product_cat-parcours-de-golf","13":"product_cat-depart","14":"product_cat-poubelles","15":"product_tag-poubelles","17":"first","18":"instock","19":"taxable","20":"shipping-taxable","21":"purchasable","22":"product-type-variable"},"acf":[],"_links":{"self":[{"href":"https:\/\/sibeag.ch\/fr\/wp-json\/wp\/v2\/product\/21132","targetHints":{"allow":["GET"]}}],"collection":[{"href":"https:\/\/sibeag.ch\/fr\/wp-json\/wp\/v2\/product"}],"about":[{"href":"https:\/\/sibeag.ch\/fr\/wp-json\/wp\/v2\/types\/product"}],"wp:featuredmedia":[{"embeddable":true,"href":"https:\/\/sibeag.ch\/fr\/wp-json\/wp\/v2\/media\/21142"}],"wp:attachment":[{"href":"https:\/\/sibeag.ch\/fr\/wp-json\/wp\/v2\/media?parent=21132"}],"wp:term":[{"taxonomy":"product_brand","embeddable":true,"href":"https:\/\/sibeag.ch\/fr\/wp-json\/wp\/v2\/product_brand?post=21132"},{"taxonomy":"product_cat","embeddable":true,"href":"https:\/\/sibeag.ch\/fr\/wp-json\/wp\/v2\/product_cat?post=21132"},{"taxonomy":"product_tag","embeddable":true,"href":"https:\/\/sibeag.ch\/fr\/wp-json\/wp\/v2\/product_tag?post=21132"}],"curies":[{"name":"wp","href":"https:\/\/api.w.org\/{rel}","templated":true}]}}