{"id":21377,"date":"2019-01-25T16:25:34","date_gmt":"2019-01-25T16:25:34","guid":{"rendered":"https:\/\/www.sibeag.ch\/shop\/non%20class\u00e9\/rouleau-eponge-greendry\/"},"modified":"2026-02-18T16:41:00","modified_gmt":"2026-02-18T15:41:00","slug":"rouleau-eponge-greendry-2","status":"publish","type":"product","link":"https:\/\/sibeag.ch\/fr\/greenkeeping-fr\/outils-dentretien\/rouleau-a-eau\/rouleau-eponge-greendry-2\/","title":{"rendered":"Rouleau \u00e9ponge Greendry"},"content":{"rendered":"","protected":false},"excerpt":{"rendered":"<h1>Rouleau \u00e9ponge Greendry<\/h1>\n<p>Le Rouleau \u00e9ponge Greendry est la meilleure option pour enlever l&rsquo;eau des Fairways et Greens. En plus la Greendry peut \u00eatre utiliser pour des autres rev\u00eatements.<\/p>\n<ul>\n<li>largeur de travail 64 cm<\/li>\n<li>l\u00e9ger et absorbant<\/li>\n<li>r\u00e9servoir de 60 litres<\/li>\n<li>\u00e9ponge rempla\u00e7able<\/li>\n<\/ul>\n","protected":false},"featured_media":10684,"template":"","meta":{"_acf_changed":false},"product_brand":[],"product_cat":[1001,1025,2827],"product_tag":[],"class_list":{"0":"entry","1":"author-sibegolf","2":"has-excerpt","3":"post-21377","4":"product","5":"type-product","6":"status-publish","7":"has-post-thumbnail","8":"product_cat-greenkeeping-fr","9":"product_cat-outils-dentretien","10":"product_cat-rouleau-a-eau","11":"product_shipping_class-objets-encombrants","13":"first","14":"instock","15":"taxable","16":"shipping-taxable","17":"purchasable","18":"product-type-simple"},"acf":[],"_links":{"self":[{"href":"https:\/\/sibeag.ch\/fr\/wp-json\/wp\/v2\/product\/21377","targetHints":{"allow":["GET"]}}],"collection":[{"href":"https:\/\/sibeag.ch\/fr\/wp-json\/wp\/v2\/product"}],"about":[{"href":"https:\/\/sibeag.ch\/fr\/wp-json\/wp\/v2\/types\/product"}],"wp:featuredmedia":[{"embeddable":true,"href":"https:\/\/sibeag.ch\/fr\/wp-json\/wp\/v2\/media\/10684"}],"wp:attachment":[{"href":"https:\/\/sibeag.ch\/fr\/wp-json\/wp\/v2\/media?parent=21377"}],"wp:term":[{"taxonomy":"product_brand","embeddable":true,"href":"https:\/\/sibeag.ch\/fr\/wp-json\/wp\/v2\/product_brand?post=21377"},{"taxonomy":"product_cat","embeddable":true,"href":"https:\/\/sibeag.ch\/fr\/wp-json\/wp\/v2\/product_cat?post=21377"},{"taxonomy":"product_tag","embeddable":true,"href":"https:\/\/sibeag.ch\/fr\/wp-json\/wp\/v2\/product_tag?post=21377"}],"curies":[{"name":"wp","href":"https:\/\/api.w.org\/{rel}","templated":true}]}}