{"id":22737,"date":"2019-09-16T19:07:37","date_gmt":"2019-09-16T19:07:39","guid":{"rendered":"https:\/\/www.sibeag.ch\/?post_type=product&#038;p=22737"},"modified":"2026-02-18T17:21:41","modified_gmt":"2026-02-18T16:21:41","slug":"tete-debroussailleuse-en-metal","status":"publish","type":"product","link":"https:\/\/sibeag.ch\/fr\/greenkeeping-fr\/outils-dentretien\/tetes-de-coupe\/tete-debroussailleuse-en-metal\/","title":{"rendered":"T\u00eate d\u00e9broussailleuse en m\u00e9tal"},"content":{"rendered":"","protected":false},"excerpt":{"rendered":"<h1>T\u00eate d\u00e9broussailleuse en m\u00e9tal<\/h1>\n<p>Avec cet accessoire de tondeuse, vous pouvez facilement couper l&rsquo;herbe \u00e9paisse autour des arroseurs ou marqueurs de fairway<\/p>\n<ul>\n<li>plusieurs dimensions disponibles<\/li>\n<li>pour toutes les d\u00e9broussailleuses motoris\u00e9es<\/li>\n<li>en m\u00e9tal<\/li>\n<\/ul>\n","protected":false},"featured_media":22883,"template":"","meta":{"_acf_changed":false},"product_brand":[],"product_cat":[1001,1025,2825],"product_tag":[],"class_list":{"0":"entry","1":"author-sibeag","2":"has-excerpt","3":"post-22737","4":"product","5":"type-product","6":"status-publish","7":"has-post-thumbnail","8":"product_cat-greenkeeping-fr","9":"product_cat-outils-dentretien","10":"product_cat-tetes-de-coupe","12":"first","13":"instock","14":"taxable","15":"shipping-taxable","16":"purchasable","17":"product-type-variable"},"acf":[],"_links":{"self":[{"href":"https:\/\/sibeag.ch\/fr\/wp-json\/wp\/v2\/product\/22737","targetHints":{"allow":["GET"]}}],"collection":[{"href":"https:\/\/sibeag.ch\/fr\/wp-json\/wp\/v2\/product"}],"about":[{"href":"https:\/\/sibeag.ch\/fr\/wp-json\/wp\/v2\/types\/product"}],"wp:featuredmedia":[{"embeddable":true,"href":"https:\/\/sibeag.ch\/fr\/wp-json\/wp\/v2\/media\/22883"}],"wp:attachment":[{"href":"https:\/\/sibeag.ch\/fr\/wp-json\/wp\/v2\/media?parent=22737"}],"wp:term":[{"taxonomy":"product_brand","embeddable":true,"href":"https:\/\/sibeag.ch\/fr\/wp-json\/wp\/v2\/product_brand?post=22737"},{"taxonomy":"product_cat","embeddable":true,"href":"https:\/\/sibeag.ch\/fr\/wp-json\/wp\/v2\/product_cat?post=22737"},{"taxonomy":"product_tag","embeddable":true,"href":"https:\/\/sibeag.ch\/fr\/wp-json\/wp\/v2\/product_tag?post=22737"}],"curies":[{"name":"wp","href":"https:\/\/api.w.org\/{rel}","templated":true}]}}