{"id":22745,"date":"2019-09-16T19:09:28","date_gmt":"2019-09-16T19:09:28","guid":{"rendered":"https:\/\/www.sibeag.ch\/?post_type=product&#038;p=22745"},"modified":"2026-02-18T16:45:53","modified_gmt":"2026-02-18T15:45:53","slug":"thermometer-numerique","status":"publish","type":"product","link":"https:\/\/sibeag.ch\/fr\/greenkeeping-fr\/outils-de-mesure\/temperature\/thermometer-numerique\/","title":{"rendered":"Thermom\u00e8tre num\u00e9rique"},"content":{"rendered":"","protected":false},"excerpt":{"rendered":"<h1>Thermom\u00e8tre num\u00e9rique<\/h1>\n<p>Thermom\u00e8tre de perforation num\u00e9rique, prot\u00e9g\u00e9 de l&rsquo;eau en acier inoxydable pour mesurer la temp\u00e9rature du sol.<\/p>\n<ul>\n<li>125 x 3.5 mm<\/li>\n<li>-50 \u00e0+200 \u00b0C<\/li>\n<\/ul>\n","protected":false},"featured_media":23640,"template":"","meta":{"_acf_changed":false},"product_brand":[],"product_cat":[1001,1923,2813],"product_tag":[],"class_list":{"0":"entry","1":"author-sibeag","2":"has-excerpt","3":"post-22745","4":"product","5":"type-product","6":"status-publish","7":"has-post-thumbnail","8":"product_cat-greenkeeping-fr","9":"product_cat-outils-de-mesure","10":"product_cat-temperature","12":"first","13":"instock","14":"taxable","15":"shipping-taxable","16":"purchasable","17":"product-type-simple"},"acf":[],"_links":{"self":[{"href":"https:\/\/sibeag.ch\/fr\/wp-json\/wp\/v2\/product\/22745","targetHints":{"allow":["GET"]}}],"collection":[{"href":"https:\/\/sibeag.ch\/fr\/wp-json\/wp\/v2\/product"}],"about":[{"href":"https:\/\/sibeag.ch\/fr\/wp-json\/wp\/v2\/types\/product"}],"wp:featuredmedia":[{"embeddable":true,"href":"https:\/\/sibeag.ch\/fr\/wp-json\/wp\/v2\/media\/23640"}],"wp:attachment":[{"href":"https:\/\/sibeag.ch\/fr\/wp-json\/wp\/v2\/media?parent=22745"}],"wp:term":[{"taxonomy":"product_brand","embeddable":true,"href":"https:\/\/sibeag.ch\/fr\/wp-json\/wp\/v2\/product_brand?post=22745"},{"taxonomy":"product_cat","embeddable":true,"href":"https:\/\/sibeag.ch\/fr\/wp-json\/wp\/v2\/product_cat?post=22745"},{"taxonomy":"product_tag","embeddable":true,"href":"https:\/\/sibeag.ch\/fr\/wp-json\/wp\/v2\/product_tag?post=22745"}],"curies":[{"name":"wp","href":"https:\/\/api.w.org\/{rel}","templated":true}]}}