{"id":22877,"date":"2019-09-17T09:16:52","date_gmt":"2019-09-17T09:16:52","guid":{"rendered":"https:\/\/www.sibeag.ch\/?post_type=product&#038;p=22877"},"modified":"2026-02-18T16:45:54","modified_gmt":"2026-02-18T15:45:54","slug":"tdr-fieldscout-150","status":"publish","type":"product","link":"https:\/\/sibeag.ch\/fr\/greenkeeping-fr\/outils-de-mesure\/humidite\/tdr-fieldscout-150\/","title":{"rendered":"TDR Fieldscout 150"},"content":{"rendered":"","protected":false},"excerpt":{"rendered":"<p><img decoding=\"async\" class=\"alignright size-medium wp-image-3355 spectrum-logo\" src=\"https:\/\/www.sibeag.ch\/wp-content\/uploads\/Spectrum_no_tag.jpg\" alt=\"Logo Spectrum Technologies\"><\/p>\n<h1>TDR Fieldscout 150<\/h1>\n<p>Le nouveau TDR 150 simplifie consid\u00e9rablement la mesure de l&rsquo;humidit\u00e9 du sol et de la temp\u00e9rature de surface.<\/p>\n<ul>\n<li>avec box de transport<\/li>\n<li>transfert de donn\u00e9es via cl\u00e9 USB ou en option sans fil via smartphone<\/li>\n<li>compatible avec l&rsquo;application FieldScout<\/li>\n<li>Pointes disponibles s\u00e9par\u00e9ment en longueurs de 3,8 cm, 7,5 cm, 12 cm ou 20 cm<\/li>\n<li>en option avec GPS et Bluetooth<\/li>\n<\/ul>\n","protected":false},"featured_media":22881,"template":"","meta":{"_acf_changed":false},"product_brand":[],"product_cat":[1001,1923,2807],"product_tag":[],"class_list":{"0":"entry","1":"author-sibeag","2":"has-excerpt","3":"post-22877","4":"product","5":"type-product","6":"status-publish","7":"has-post-thumbnail","8":"product_cat-greenkeeping-fr","9":"product_cat-outils-de-mesure","10":"product_cat-humidite","12":"first","13":"instock","14":"taxable","15":"shipping-taxable","16":"purchasable","17":"product-type-simple"},"acf":[],"_links":{"self":[{"href":"https:\/\/sibeag.ch\/fr\/wp-json\/wp\/v2\/product\/22877","targetHints":{"allow":["GET"]}}],"collection":[{"href":"https:\/\/sibeag.ch\/fr\/wp-json\/wp\/v2\/product"}],"about":[{"href":"https:\/\/sibeag.ch\/fr\/wp-json\/wp\/v2\/types\/product"}],"wp:featuredmedia":[{"embeddable":true,"href":"https:\/\/sibeag.ch\/fr\/wp-json\/wp\/v2\/media\/22881"}],"wp:attachment":[{"href":"https:\/\/sibeag.ch\/fr\/wp-json\/wp\/v2\/media?parent=22877"}],"wp:term":[{"taxonomy":"product_brand","embeddable":true,"href":"https:\/\/sibeag.ch\/fr\/wp-json\/wp\/v2\/product_brand?post=22877"},{"taxonomy":"product_cat","embeddable":true,"href":"https:\/\/sibeag.ch\/fr\/wp-json\/wp\/v2\/product_cat?post=22877"},{"taxonomy":"product_tag","embeddable":true,"href":"https:\/\/sibeag.ch\/fr\/wp-json\/wp\/v2\/product_tag?post=22877"}],"curies":[{"name":"wp","href":"https:\/\/api.w.org\/{rel}","templated":true}]}}