{"id":22960,"date":"2019-09-18T05:36:55","date_gmt":"2019-09-18T05:36:56","guid":{"rendered":"https:\/\/www.sibeag.ch\/?post_type=product&#038;p=22960"},"modified":"2024-11-30T08:41:18","modified_gmt":"2024-11-30T07:41:18","slug":"ramasse-balles-rm-3-gang","status":"publish","type":"product","link":"https:\/\/sibeag.ch\/fr\/practice-driving-range\/ramasse-balles\/ramasse-balles-rm\/ramasse-balles-rm-3-gang\/","title":{"rendered":"Ramasse balles RM, 3 \u00e9l\u00e9ments"},"content":{"rendered":"","protected":false},"excerpt":{"rendered":"<h1>Ramasse balles RM, 3 \u00e9l\u00e9ments<\/h1>\n<ul>\n<li>Capacit\u00e9: 2400 B\u00e4lle<\/li>\n<li>Largeur: 3.6 m<\/li>\n<li>Poids: 180 kg<\/li>\n<\/ul>\n<p>&nbsp;<\/p>\n","protected":false},"featured_media":22966,"template":"","meta":{"_acf_changed":false},"product_brand":[],"product_cat":[964,1107,1126],"product_tag":[2939],"class_list":{"0":"entry","1":"author-sibeag","2":"has-excerpt","3":"post-22960","4":"product","5":"type-product","6":"status-publish","7":"has-post-thumbnail","8":"product_cat-practice-driving-range","9":"product_cat-ramasse-balles","10":"product_cat-ramasse-balles-rm","11":"product_tag-sur-demande","13":"first","14":"instock","15":"taxable","16":"shipping-taxable","17":"purchasable","18":"product-type-simple"},"acf":[],"_links":{"self":[{"href":"https:\/\/sibeag.ch\/fr\/wp-json\/wp\/v2\/product\/22960","targetHints":{"allow":["GET"]}}],"collection":[{"href":"https:\/\/sibeag.ch\/fr\/wp-json\/wp\/v2\/product"}],"about":[{"href":"https:\/\/sibeag.ch\/fr\/wp-json\/wp\/v2\/types\/product"}],"wp:featuredmedia":[{"embeddable":true,"href":"https:\/\/sibeag.ch\/fr\/wp-json\/wp\/v2\/media\/22966"}],"wp:attachment":[{"href":"https:\/\/sibeag.ch\/fr\/wp-json\/wp\/v2\/media?parent=22960"}],"wp:term":[{"taxonomy":"product_brand","embeddable":true,"href":"https:\/\/sibeag.ch\/fr\/wp-json\/wp\/v2\/product_brand?post=22960"},{"taxonomy":"product_cat","embeddable":true,"href":"https:\/\/sibeag.ch\/fr\/wp-json\/wp\/v2\/product_cat?post=22960"},{"taxonomy":"product_tag","embeddable":true,"href":"https:\/\/sibeag.ch\/fr\/wp-json\/wp\/v2\/product_tag?post=22960"}],"curies":[{"name":"wp","href":"https:\/\/api.w.org\/{rel}","templated":true}]}}