{"id":23793,"date":"2019-09-17T14:51:54","date_gmt":"2019-09-22T07:48:58","guid":{"rendered":"https:\/\/www.sibeag.ch\/shop\/non%20class\u00e9\/tete-de-putting-spezcast\/"},"modified":"2024-11-30T08:41:20","modified_gmt":"2024-11-30T07:41:20","slug":"tete-de-putting-spezcast","status":"publish","type":"product","link":"https:\/\/sibeag.ch\/fr\/putting-green-fr\/tetes-en-aluminium\/tete-de-putting-spezcast\/","title":{"rendered":"T\u00eate de Putting Spezcast"},"content":{"rendered":"","protected":false},"excerpt":{"rendered":"<h1>T\u00eate de Putting Spezcast<\/h1>\n<p>Fabriqu\u00e9 par un proc\u00e9d\u00e9 sp\u00e9cial de coulage \u00e0 froid.<\/p>\n<ul>\n<li>T\u00eates de Putting individuelles avec votre logo<\/li>\n<li>disponible en alu ou en bronze<\/li>\n<li>avec filetage \u00e0 l&rsquo;int\u00e9rieure<\/li>\n<\/ul>\n","protected":false},"featured_media":22950,"template":"","meta":{"_acf_changed":false},"product_brand":[],"product_cat":[1004,1131],"product_tag":[2939],"class_list":{"0":"entry","1":"author-sibeag","2":"has-excerpt","3":"post-23793","4":"product","5":"type-product","6":"status-publish","7":"has-post-thumbnail","8":"product_cat-putting-green-fr","9":"product_cat-tetes-en-aluminium","10":"product_tag-sur-demande","12":"first","13":"instock","14":"taxable","15":"shipping-taxable","16":"purchasable","17":"product-type-simple"},"acf":[],"_links":{"self":[{"href":"https:\/\/sibeag.ch\/fr\/wp-json\/wp\/v2\/product\/23793","targetHints":{"allow":["GET"]}}],"collection":[{"href":"https:\/\/sibeag.ch\/fr\/wp-json\/wp\/v2\/product"}],"about":[{"href":"https:\/\/sibeag.ch\/fr\/wp-json\/wp\/v2\/types\/product"}],"wp:featuredmedia":[{"embeddable":true,"href":"https:\/\/sibeag.ch\/fr\/wp-json\/wp\/v2\/media\/22950"}],"wp:attachment":[{"href":"https:\/\/sibeag.ch\/fr\/wp-json\/wp\/v2\/media?parent=23793"}],"wp:term":[{"taxonomy":"product_brand","embeddable":true,"href":"https:\/\/sibeag.ch\/fr\/wp-json\/wp\/v2\/product_brand?post=23793"},{"taxonomy":"product_cat","embeddable":true,"href":"https:\/\/sibeag.ch\/fr\/wp-json\/wp\/v2\/product_cat?post=23793"},{"taxonomy":"product_tag","embeddable":true,"href":"https:\/\/sibeag.ch\/fr\/wp-json\/wp\/v2\/product_tag?post=23793"}],"curies":[{"name":"wp","href":"https:\/\/api.w.org\/{rel}","templated":true}]}}