{"id":23802,"date":"2019-09-16T08:13:39","date_gmt":"2019-09-16T08:13:39","guid":{"rendered":"https:\/\/www.sibeag.ch\/shop\/non%20class\u00e9\/hampe-de-putting-green-elite\/"},"modified":"2026-02-18T16:45:39","modified_gmt":"2026-02-18T15:45:39","slug":"hampe-de-putting-green-elite","status":"publish","type":"product","link":"https:\/\/sibeag.ch\/fr\/putting-green-fr\/hampes-de-putting-green\/hampe-de-putting-green-elite\/","title":{"rendered":"Hampe de Putting Green Elite"},"content":{"rendered":"","protected":false},"excerpt":{"rendered":"<h1>Hampe de Putting Green Elite<\/h1>\n<ul>\n<li>hampe de drapeau \u00e9l\u00e9gante fait \u00e0 la main<\/li>\n<li>les deux extr\u00e9mit\u00e9s sont \u00e9quip\u00e9es d&rsquo;une pi\u00e8ce en laiton<\/li>\n<li>embase en m\u00e9tal<\/li>\n<\/ul>\n","protected":false},"featured_media":120125,"template":"","meta":{"_acf_changed":false},"product_brand":[],"product_cat":[1004,1007],"product_tag":[],"class_list":{"0":"entry","1":"author-sibeag","2":"has-excerpt","3":"post-23802","4":"product","5":"type-product","6":"status-publish","7":"has-post-thumbnail","8":"product_cat-putting-green-fr","9":"product_cat-hampes-de-putting-green","11":"first","12":"instock","13":"taxable","14":"shipping-taxable","15":"purchasable","16":"product-type-simple"},"acf":[],"_links":{"self":[{"href":"https:\/\/sibeag.ch\/fr\/wp-json\/wp\/v2\/product\/23802","targetHints":{"allow":["GET"]}}],"collection":[{"href":"https:\/\/sibeag.ch\/fr\/wp-json\/wp\/v2\/product"}],"about":[{"href":"https:\/\/sibeag.ch\/fr\/wp-json\/wp\/v2\/types\/product"}],"wp:featuredmedia":[{"embeddable":true,"href":"https:\/\/sibeag.ch\/fr\/wp-json\/wp\/v2\/media\/120125"}],"wp:attachment":[{"href":"https:\/\/sibeag.ch\/fr\/wp-json\/wp\/v2\/media?parent=23802"}],"wp:term":[{"taxonomy":"product_brand","embeddable":true,"href":"https:\/\/sibeag.ch\/fr\/wp-json\/wp\/v2\/product_brand?post=23802"},{"taxonomy":"product_cat","embeddable":true,"href":"https:\/\/sibeag.ch\/fr\/wp-json\/wp\/v2\/product_cat?post=23802"},{"taxonomy":"product_tag","embeddable":true,"href":"https:\/\/sibeag.ch\/fr\/wp-json\/wp\/v2\/product_tag?post=23802"}],"curies":[{"name":"wp","href":"https:\/\/api.w.org\/{rel}","templated":true}]}}