{"id":23807,"date":"2019-09-03T07:13:40","date_gmt":"2019-09-22T16:33:33","guid":{"rendered":"https:\/\/www.sibeag.ch\/shop\/non%20class\u00e9\/systeme-dacces-de-portes\/"},"modified":"2024-11-30T08:41:46","modified_gmt":"2024-11-30T07:41:46","slug":"systeme-acces-portes","status":"publish","type":"product","link":"https:\/\/sibeag.ch\/fr\/practice-driving-range\/systeme-de-gestion-de-balles\/systemes-de-paiement\/systeme-acces-portes\/","title":{"rendered":"Syst\u00e8me d&rsquo;acc\u00e8s de portes"},"content":{"rendered":"","protected":false},"excerpt":{"rendered":"<h1>Syst\u00e8me d&rsquo;acc\u00e8s de portes<\/h1>\n<ul>\n<li>L&rsquo;acc\u00e8s est d\u00e9fini par carte de membre<\/li>\n<li>peut \u00eatre combin\u00e9 avec le lecteur de carte SC pour la machine \u00e0 balles<\/li>\n<\/ul>\n","protected":false},"featured_media":105044,"template":"","meta":{"_acf_changed":false},"product_brand":[],"product_cat":[964,1076],"product_tag":[2939],"class_list":{"0":"entry","1":"author-sibeag","2":"has-excerpt","3":"post-23807","4":"product","5":"type-product","6":"status-publish","7":"has-post-thumbnail","8":"product_cat-practice-driving-range","9":"product_cat-systemes-de-paiement","10":"product_tag-sur-demande","12":"first","13":"instock","14":"taxable","15":"shipping-taxable","16":"product-type-simple"},"acf":[],"_links":{"self":[{"href":"https:\/\/sibeag.ch\/fr\/wp-json\/wp\/v2\/product\/23807","targetHints":{"allow":["GET"]}}],"collection":[{"href":"https:\/\/sibeag.ch\/fr\/wp-json\/wp\/v2\/product"}],"about":[{"href":"https:\/\/sibeag.ch\/fr\/wp-json\/wp\/v2\/types\/product"}],"wp:featuredmedia":[{"embeddable":true,"href":"https:\/\/sibeag.ch\/fr\/wp-json\/wp\/v2\/media\/105044"}],"wp:attachment":[{"href":"https:\/\/sibeag.ch\/fr\/wp-json\/wp\/v2\/media?parent=23807"}],"wp:term":[{"taxonomy":"product_brand","embeddable":true,"href":"https:\/\/sibeag.ch\/fr\/wp-json\/wp\/v2\/product_brand?post=23807"},{"taxonomy":"product_cat","embeddable":true,"href":"https:\/\/sibeag.ch\/fr\/wp-json\/wp\/v2\/product_cat?post=23807"},{"taxonomy":"product_tag","embeddable":true,"href":"https:\/\/sibeag.ch\/fr\/wp-json\/wp\/v2\/product_tag?post=23807"}],"curies":[{"name":"wp","href":"https:\/\/api.w.org\/{rel}","templated":true}]}}