{"id":23896,"date":"2019-02-28T06:08:41","date_gmt":"2019-09-23T13:03:26","guid":{"rendered":"https:\/\/www.sibeag.ch\/shop\/non%20class\u00e9\/marqueur-demplacement-logote\/"},"modified":"2024-11-30T08:45:45","modified_gmt":"2024-11-30T07:45:45","slug":"marqueur-demplacement-logote","status":"publish","type":"product","link":"https:\/\/sibeag.ch\/fr\/parcours-de-golf\/green-fr\/marqueur-demplacement\/marqueur-demplacement-logote\/","title":{"rendered":"Marqueur d&#8217;emplacement logot\u00e9"},"content":{"rendered":"","protected":false},"excerpt":{"rendered":"<h1>Marqueur d&#8217;emplacement logot\u00e9<\/h1>\n<p>Plus de place pour les sponsors. Gr\u00e2ce \u00e0 ces marqueurs de d\u00e9part individuel vous avez encore un autre endroit pour placer de la publicit\u00e9 sur votre parcours de golf.<\/p>\n<ul>\n<li>disponible en jaune et rouge<\/li>\n<li>compatible avec toutes les hampes de drapeau<\/li>\n<li>69 mm de diam\u00e8tre<\/li>\n<\/ul>\n","protected":false},"featured_media":19815,"template":"","meta":{"_acf_changed":false},"product_brand":[],"product_cat":[961,1010],"product_tag":[2164,2939],"class_list":{"0":"entry","1":"author-sibeag","2":"has-excerpt","3":"post-23896","4":"product","5":"type-product","6":"status-publish","7":"has-post-thumbnail","8":"product_cat-parcours-de-golf","9":"product_cat-marqueur-demplacement","10":"product_tag-logo-fr","11":"product_tag-sur-demande","13":"first","14":"instock","15":"taxable","16":"shipping-taxable","17":"purchasable","18":"product-type-variable"},"acf":[],"_links":{"self":[{"href":"https:\/\/sibeag.ch\/fr\/wp-json\/wp\/v2\/product\/23896","targetHints":{"allow":["GET"]}}],"collection":[{"href":"https:\/\/sibeag.ch\/fr\/wp-json\/wp\/v2\/product"}],"about":[{"href":"https:\/\/sibeag.ch\/fr\/wp-json\/wp\/v2\/types\/product"}],"wp:featuredmedia":[{"embeddable":true,"href":"https:\/\/sibeag.ch\/fr\/wp-json\/wp\/v2\/media\/19815"}],"wp:attachment":[{"href":"https:\/\/sibeag.ch\/fr\/wp-json\/wp\/v2\/media?parent=23896"}],"wp:term":[{"taxonomy":"product_brand","embeddable":true,"href":"https:\/\/sibeag.ch\/fr\/wp-json\/wp\/v2\/product_brand?post=23896"},{"taxonomy":"product_cat","embeddable":true,"href":"https:\/\/sibeag.ch\/fr\/wp-json\/wp\/v2\/product_cat?post=23896"},{"taxonomy":"product_tag","embeddable":true,"href":"https:\/\/sibeag.ch\/fr\/wp-json\/wp\/v2\/product_tag?post=23896"}],"curies":[{"name":"wp","href":"https:\/\/api.w.org\/{rel}","templated":true}]}}