{"id":23907,"date":"2019-03-01T17:18:24","date_gmt":"2019-09-23T13:14:19","guid":{"rendered":"https:\/\/www.sibeag.ch\/shop\/non%20class\u00e9\/piquet-pour-corde-et-chaine-deluxe\/"},"modified":"2026-02-18T17:19:40","modified_gmt":"2026-02-18T16:19:40","slug":"piquet-corder-chaine-deluxe","status":"publish","type":"product","link":"https:\/\/sibeag.ch\/fr\/greenkeeping-fr\/delimitation\/poteaux-en-corde-chaine\/piquet-corder-chaine-deluxe\/","title":{"rendered":"Piquet pour corde et cha\u00eene Deluxe"},"content":{"rendered":"","protected":false},"excerpt":{"rendered":"<p><img loading=\"lazy\" decoding=\"async\" class=\"alignright size-full wp-image-184\" src=\"https:\/\/www.sibeag.ch\/wp-content\/uploads\/Standard-Golf-Logo.jpg\" alt=\"Standard Golf Logo\" width=\"112\" height=\"30\"><\/p>\n<h1>Piquet pour corde et cha\u00eene Deluxe<\/h1>\n<ul>\n<li>peut \u00eatre utilis\u00e9 pour les cha\u00eenes et les cordes<\/li>\n<li>0.95 cm de diam\u00e8tre<\/li>\n<li>pointe de 25.4 cm<\/li>\n<li>acier chrom\u00e9 ou avec un rev\u00eatement par poudre<\/li>\n<\/ul>\n","protected":false},"featured_media":20782,"template":"","meta":{"_acf_changed":false},"product_brand":[],"product_cat":[961,969,970,1001,1015,2805],"product_tag":[],"class_list":{"0":"entry","1":"author-sibeag","2":"has-excerpt","3":"post-23907","4":"product","5":"type-product","6":"status-publish","7":"has-post-thumbnail","8":"product_cat-parcours-de-golf","9":"product_cat-fairway-fr","10":"product_cat-piquets-pour-cordes-et-chaines","11":"product_cat-greenkeeping-fr","12":"product_cat-delimitation","13":"product_cat-poteaux-en-corde-chaine","15":"first","16":"instock","17":"taxable","18":"shipping-taxable","19":"purchasable","20":"product-type-variable"},"acf":[],"_links":{"self":[{"href":"https:\/\/sibeag.ch\/fr\/wp-json\/wp\/v2\/product\/23907","targetHints":{"allow":["GET"]}}],"collection":[{"href":"https:\/\/sibeag.ch\/fr\/wp-json\/wp\/v2\/product"}],"about":[{"href":"https:\/\/sibeag.ch\/fr\/wp-json\/wp\/v2\/types\/product"}],"wp:featuredmedia":[{"embeddable":true,"href":"https:\/\/sibeag.ch\/fr\/wp-json\/wp\/v2\/media\/20782"}],"wp:attachment":[{"href":"https:\/\/sibeag.ch\/fr\/wp-json\/wp\/v2\/media?parent=23907"}],"wp:term":[{"taxonomy":"product_brand","embeddable":true,"href":"https:\/\/sibeag.ch\/fr\/wp-json\/wp\/v2\/product_brand?post=23907"},{"taxonomy":"product_cat","embeddable":true,"href":"https:\/\/sibeag.ch\/fr\/wp-json\/wp\/v2\/product_cat?post=23907"},{"taxonomy":"product_tag","embeddable":true,"href":"https:\/\/sibeag.ch\/fr\/wp-json\/wp\/v2\/product_tag?post=23907"}],"curies":[{"name":"wp","href":"https:\/\/api.w.org\/{rel}","templated":true}]}}