{"id":23917,"date":"2019-03-04T08:14:21","date_gmt":"2019-09-23T13:27:03","guid":{"rendered":"https:\/\/www.sibeag.ch\/shop\/non%20class\u00e9\/poubelle-ks\/"},"modified":"2026-02-18T17:24:27","modified_gmt":"2026-02-18T16:24:27","slug":"poubelle-ks","status":"publish","type":"product","link":"https:\/\/sibeag.ch\/fr\/club-house\/entree\/poubelle\/poubelle-ks\/","title":{"rendered":"Poubelle KS"},"content":{"rendered":"","protected":false},"excerpt":{"rendered":"<h1>Poubelle KS<\/h1>\n<ul>\n<li>y compris le r\u00e9cipient en plastique<\/li>\n<li>Le couvercle \u00e0 charni\u00e8re prot\u00e8ge de la pluie<\/li>\n<li>avec poteau et support 120 cm<\/li>\n<\/ul>\n","protected":false},"featured_media":18655,"template":"","meta":{"_acf_changed":false},"product_brand":[],"product_cat":[962,2762,963,964,961,966,967],"product_tag":[1909],"class_list":{"0":"entry","1":"author-sibeag","2":"has-excerpt","3":"post-23917","4":"product","5":"type-product","6":"status-publish","7":"has-post-thumbnail","8":"product_cat-club-house","9":"product_cat-entree","10":"product_cat-poubelle","11":"product_cat-practice-driving-range","12":"product_cat-parcours-de-golf","13":"product_cat-depart","14":"product_cat-poubelles","15":"product_tag-poubelles","17":"first","18":"instock","19":"taxable","20":"shipping-taxable","21":"purchasable","22":"product-type-variable"},"acf":[],"_links":{"self":[{"href":"https:\/\/sibeag.ch\/fr\/wp-json\/wp\/v2\/product\/23917","targetHints":{"allow":["GET"]}}],"collection":[{"href":"https:\/\/sibeag.ch\/fr\/wp-json\/wp\/v2\/product"}],"about":[{"href":"https:\/\/sibeag.ch\/fr\/wp-json\/wp\/v2\/types\/product"}],"wp:featuredmedia":[{"embeddable":true,"href":"https:\/\/sibeag.ch\/fr\/wp-json\/wp\/v2\/media\/18655"}],"wp:attachment":[{"href":"https:\/\/sibeag.ch\/fr\/wp-json\/wp\/v2\/media?parent=23917"}],"wp:term":[{"taxonomy":"product_brand","embeddable":true,"href":"https:\/\/sibeag.ch\/fr\/wp-json\/wp\/v2\/product_brand?post=23917"},{"taxonomy":"product_cat","embeddable":true,"href":"https:\/\/sibeag.ch\/fr\/wp-json\/wp\/v2\/product_cat?post=23917"},{"taxonomy":"product_tag","embeddable":true,"href":"https:\/\/sibeag.ch\/fr\/wp-json\/wp\/v2\/product_tag?post=23917"}],"curies":[{"name":"wp","href":"https:\/\/api.w.org\/{rel}","templated":true}]}}