{"id":23922,"date":"2019-03-04T08:56:08","date_gmt":"2019-03-04T08:56:08","guid":{"rendered":"https:\/\/www.sibeag.ch\/shop\/non class\u00e9\/joint-detancheite-pour-couvercle-de-lave-balles-deluxe\/"},"modified":"2026-02-18T16:43:43","modified_gmt":"2026-02-18T15:43:43","slug":"joint-detancheite-lave-balles-deluxe","status":"publish","type":"product","link":"https:\/\/sibeag.ch\/fr\/parcours-de-golf\/depart\/lave-balles\/lave-balles-deluxe\/pieces-detachees-accessoires-pour-lave-balles-deluxe\/joint-detancheite-lave-balles-deluxe\/","title":{"rendered":"Joint d\u2019\u00e9tanch\u00e9it\u00e9 pour couvercle de lave-balles Deluxe"},"content":{"rendered":"","protected":false},"excerpt":{"rendered":"<p><img loading=\"lazy\" decoding=\"async\" class=\"alignright size-medium wp-image-3355 paraide-logo\" src=\"https:\/\/www.sibeag.ch\/wp-content\/uploads\/ParAide-Logo-50x50.jpg\" alt=\"Logo Par Aide\" width=\"50\" height=\"50\"><\/p>\n<h1>Joint d\u2019\u00e9tanch\u00e9it\u00e9 pour couvercle de lave-balles Deluxe<\/h1>\n","protected":false},"featured_media":0,"template":"","meta":{"_acf_changed":false},"product_brand":[],"product_cat":[961,966,980,1063],"product_tag":[],"class_list":{"0":"entry","1":"author-sibeag","2":"has-excerpt","3":"post-23922","4":"product","5":"type-product","6":"status-publish","7":"product_cat-parcours-de-golf","8":"product_cat-depart","9":"product_cat-lave-balles","10":"product_cat-pieces-detachees-accessoires-pour-lave-balles-deluxe","12":"first","13":"instock","14":"taxable","15":"shipping-taxable","16":"purchasable","17":"product-type-simple"},"acf":[],"_links":{"self":[{"href":"https:\/\/sibeag.ch\/fr\/wp-json\/wp\/v2\/product\/23922","targetHints":{"allow":["GET"]}}],"collection":[{"href":"https:\/\/sibeag.ch\/fr\/wp-json\/wp\/v2\/product"}],"about":[{"href":"https:\/\/sibeag.ch\/fr\/wp-json\/wp\/v2\/types\/product"}],"wp:attachment":[{"href":"https:\/\/sibeag.ch\/fr\/wp-json\/wp\/v2\/media?parent=23922"}],"wp:term":[{"taxonomy":"product_brand","embeddable":true,"href":"https:\/\/sibeag.ch\/fr\/wp-json\/wp\/v2\/product_brand?post=23922"},{"taxonomy":"product_cat","embeddable":true,"href":"https:\/\/sibeag.ch\/fr\/wp-json\/wp\/v2\/product_cat?post=23922"},{"taxonomy":"product_tag","embeddable":true,"href":"https:\/\/sibeag.ch\/fr\/wp-json\/wp\/v2\/product_tag?post=23922"}],"curies":[{"name":"wp","href":"https:\/\/api.w.org\/{rel}","templated":true}]}}