{"id":23923,"date":"2019-03-04T08:51:07","date_gmt":"2019-03-04T08:51:07","guid":{"rendered":"https:\/\/www.sibeag.ch\/shop\/non%20class\u00e9\/joint-detancheite-pour-couvercle-de-lave-balles-master\/"},"modified":"2026-02-18T16:43:40","modified_gmt":"2026-02-18T15:43:40","slug":"joint-detancheite-lave-balles-master","status":"publish","type":"product","link":"https:\/\/sibeag.ch\/fr\/parcours-de-golf\/depart\/lave-balles\/lave-balles-master\/pieces-detachees-accessoires-pour-lave-balles-master\/joint-detancheite-lave-balles-master\/","title":{"rendered":"Joint d\u2019\u00e9tanch\u00e9it\u00e9 pour couvercle de lave-balles Master"},"content":{"rendered":"","protected":false},"excerpt":{"rendered":"<p><img loading=\"lazy\" decoding=\"async\" class=\"alignright size-medium wp-image-3355 paraide-logo\" src=\"https:\/\/www.sibeag.ch\/wp-content\/uploads\/ParAide-Logo-50x50.jpg\" alt=\"Logo Par Aide\" width=\"50\" height=\"50\"><\/p>\n<h1>Joint d\u2019\u00e9tanch\u00e9it\u00e9 pour couvercle de lave-balles Master<\/h1>\n","protected":false},"featured_media":22891,"template":"","meta":{"_acf_changed":false},"product_brand":[],"product_cat":[961,966,980,1062],"product_tag":[],"class_list":{"0":"entry","1":"author-sibeag","2":"has-excerpt","3":"post-23923","4":"product","5":"type-product","6":"status-publish","7":"has-post-thumbnail","8":"product_cat-parcours-de-golf","9":"product_cat-depart","10":"product_cat-lave-balles","11":"product_cat-pieces-detachees-accessoires-pour-lave-balles-master","13":"first","14":"instock","15":"taxable","16":"shipping-taxable","17":"purchasable","18":"product-type-simple"},"acf":[],"_links":{"self":[{"href":"https:\/\/sibeag.ch\/fr\/wp-json\/wp\/v2\/product\/23923","targetHints":{"allow":["GET"]}}],"collection":[{"href":"https:\/\/sibeag.ch\/fr\/wp-json\/wp\/v2\/product"}],"about":[{"href":"https:\/\/sibeag.ch\/fr\/wp-json\/wp\/v2\/types\/product"}],"wp:featuredmedia":[{"embeddable":true,"href":"https:\/\/sibeag.ch\/fr\/wp-json\/wp\/v2\/media\/22891"}],"wp:attachment":[{"href":"https:\/\/sibeag.ch\/fr\/wp-json\/wp\/v2\/media?parent=23923"}],"wp:term":[{"taxonomy":"product_brand","embeddable":true,"href":"https:\/\/sibeag.ch\/fr\/wp-json\/wp\/v2\/product_brand?post=23923"},{"taxonomy":"product_cat","embeddable":true,"href":"https:\/\/sibeag.ch\/fr\/wp-json\/wp\/v2\/product_cat?post=23923"},{"taxonomy":"product_tag","embeddable":true,"href":"https:\/\/sibeag.ch\/fr\/wp-json\/wp\/v2\/product_tag?post=23923"}],"curies":[{"name":"wp","href":"https:\/\/api.w.org\/{rel}","templated":true}]}}