{"id":23931,"date":"2019-03-04T09:56:14","date_gmt":"2019-09-23T13:38:33","guid":{"rendered":"https:\/\/www.sibeag.ch\/shop\/non%20class\u00e9\/serviette-avec-impression\/"},"modified":"2026-02-18T17:25:18","modified_gmt":"2026-02-18T16:25:18","slug":"serviette-impression","status":"publish","type":"product","link":"https:\/\/sibeag.ch\/fr\/articles-logote\/serviettes-de-depart\/serviette-impression\/","title":{"rendered":"Serviette avec impression"},"content":{"rendered":"","protected":false},"excerpt":{"rendered":"<h1>Serviette avec impression<\/h1>\n<p>Les serviettes peuvent \u00eatre imprim\u00e9 enti\u00e8rement<\/p>\n<ul>\n<li>50 x 40 cm<\/li>\n<li>impression photor\u00e9aliste<\/li>\n<li>c\u00f4t\u00e9 imprim\u00e9 polyester, c\u00f4t\u00e9 unicolor\u00e9 en coton<\/li>\n<li>mousqueton inclus<\/li>\n<li><strong>prix valable \u00e0 partir de 100 pi\u00e8ces<\/strong><\/li>\n<li>prix sur demande pour des plus grandes quantit\u00e9<\/li>\n<\/ul>\n","protected":false},"featured_media":18694,"template":"","meta":{"_acf_changed":false},"product_brand":[],"product_cat":[961,966,1020,1104,2169],"product_tag":[2948],"class_list":{"0":"entry","1":"author-sibeag","2":"has-excerpt","3":"post-23931","4":"product","5":"type-product","6":"status-publish","7":"has-post-thumbnail","8":"product_cat-parcours-de-golf","9":"product_cat-depart","10":"product_cat-serviettes","11":"product_cat-articles-logote","12":"product_cat-serviettes-de-depart","13":"product_tag-prix-avec-logo","15":"first","16":"instock","17":"taxable","18":"shipping-taxable","19":"purchasable","20":"product-type-variable"},"acf":[],"_links":{"self":[{"href":"https:\/\/sibeag.ch\/fr\/wp-json\/wp\/v2\/product\/23931","targetHints":{"allow":["GET"]}}],"collection":[{"href":"https:\/\/sibeag.ch\/fr\/wp-json\/wp\/v2\/product"}],"about":[{"href":"https:\/\/sibeag.ch\/fr\/wp-json\/wp\/v2\/types\/product"}],"wp:featuredmedia":[{"embeddable":true,"href":"https:\/\/sibeag.ch\/fr\/wp-json\/wp\/v2\/media\/18694"}],"wp:attachment":[{"href":"https:\/\/sibeag.ch\/fr\/wp-json\/wp\/v2\/media?parent=23931"}],"wp:term":[{"taxonomy":"product_brand","embeddable":true,"href":"https:\/\/sibeag.ch\/fr\/wp-json\/wp\/v2\/product_brand?post=23931"},{"taxonomy":"product_cat","embeddable":true,"href":"https:\/\/sibeag.ch\/fr\/wp-json\/wp\/v2\/product_cat?post=23931"},{"taxonomy":"product_tag","embeddable":true,"href":"https:\/\/sibeag.ch\/fr\/wp-json\/wp\/v2\/product_tag?post=23931"}],"curies":[{"name":"wp","href":"https:\/\/api.w.org\/{rel}","templated":true}]}}