{"id":23933,"date":"2019-03-04T10:09:20","date_gmt":"2019-09-23T13:41:59","guid":{"rendered":"https:\/\/www.sibeag.ch\/shop\/non%20class\u00e9\/fanion-de-putting-green-numerote-2\/"},"modified":"2026-02-18T17:19:42","modified_gmt":"2026-02-18T16:19:42","slug":"fanion-putting-green-numerote","status":"publish","type":"product","link":"https:\/\/sibeag.ch\/fr\/putting-green-fr\/fanions\/fanion-putting-green-numerote\/","title":{"rendered":"Fanion de Putting Green num\u00e9rot\u00e9"},"content":{"rendered":"","protected":false},"excerpt":{"rendered":"<p><img loading=\"lazy\" decoding=\"async\" class=\"alignright size-full wp-image-184\" src=\"https:\/\/www.sibeag.ch\/wp-content\/uploads\/Standard-Golf-Logo.jpg\" alt=\"Standard Golf Logo\" width=\"112\" height=\"30\"><\/p>\n<h1>Fanion de Putting Green num\u00e9rot\u00e9<\/h1>\n<p>Compatible avec tous les hampes de Putting Green courants (\u00f8 1 cm) et hampes de Putting Green Junior Tournament ainsi que les hampes de Putting Green Par Aide (\u00f8 1.3 cm).<\/p>\n<ul>\n<li>13.9 x 20.3 cm<\/li>\n<li>avec s\u00e9rigraphie sur une c\u00f4t\u00e9<\/li>\n<li>Drapeau en nylon<\/li>\n<\/ul>\n","protected":false},"featured_media":10702,"template":"","meta":{"_acf_changed":false},"product_brand":[],"product_cat":[1004,1005],"product_tag":[],"class_list":{"0":"entry","1":"author-sibeag","2":"has-excerpt","3":"post-23933","4":"product","5":"type-product","6":"status-publish","7":"has-post-thumbnail","8":"product_cat-putting-green-fr","9":"product_cat-fanions","11":"first","12":"instock","13":"taxable","14":"shipping-taxable","15":"purchasable","16":"product-type-variable"},"acf":[],"_links":{"self":[{"href":"https:\/\/sibeag.ch\/fr\/wp-json\/wp\/v2\/product\/23933","targetHints":{"allow":["GET"]}}],"collection":[{"href":"https:\/\/sibeag.ch\/fr\/wp-json\/wp\/v2\/product"}],"about":[{"href":"https:\/\/sibeag.ch\/fr\/wp-json\/wp\/v2\/types\/product"}],"wp:featuredmedia":[{"embeddable":true,"href":"https:\/\/sibeag.ch\/fr\/wp-json\/wp\/v2\/media\/10702"}],"wp:attachment":[{"href":"https:\/\/sibeag.ch\/fr\/wp-json\/wp\/v2\/media?parent=23933"}],"wp:term":[{"taxonomy":"product_brand","embeddable":true,"href":"https:\/\/sibeag.ch\/fr\/wp-json\/wp\/v2\/product_brand?post=23933"},{"taxonomy":"product_cat","embeddable":true,"href":"https:\/\/sibeag.ch\/fr\/wp-json\/wp\/v2\/product_cat?post=23933"},{"taxonomy":"product_tag","embeddable":true,"href":"https:\/\/sibeag.ch\/fr\/wp-json\/wp\/v2\/product_tag?post=23933"}],"curies":[{"name":"wp","href":"https:\/\/api.w.org\/{rel}","templated":true}]}}