{"id":23940,"date":"2019-03-04T10:03:24","date_gmt":"2019-09-23T13:46:51","guid":{"rendered":"https:\/\/www.sibeag.ch\/shop\/non%20class\u00e9\/fanion-demplacement-avec-impression\/"},"modified":"2024-11-30T08:45:37","modified_gmt":"2024-11-30T07:45:37","slug":"fanion-demplacement-impression","status":"publish","type":"product","link":"https:\/\/sibeag.ch\/fr\/parcours-de-golf\/green-fr\/marqueur-demplacement\/fanion-demplacement-impression\/","title":{"rendered":"Fanion d&#8217;emplacement avec impression"},"content":{"rendered":"","protected":false},"excerpt":{"rendered":"<h1>Fanion d&#8217;emplacement avec impression<\/h1>\n<p>Concevez vos propres fanions d&#8217;emplacement. Gr\u00e2ce \u00e0 la couche renforc\u00e9 int\u00e9gr\u00e9e dans la version Deluxe, le fanion est toujours visible<\/p>\n<ul>\n<li>compatible avec les hampes de drapeau avec un diam\u00e8tre de 1.9 cm<\/li>\n<\/ul>\n","protected":false},"featured_media":25082,"template":"","meta":{"_acf_changed":false},"product_brand":[],"product_cat":[961,971,1010],"product_tag":[2939],"class_list":{"0":"entry","1":"author-sibeag","2":"has-excerpt","3":"post-23940","4":"product","5":"type-product","6":"status-publish","7":"has-post-thumbnail","8":"product_cat-parcours-de-golf","9":"product_cat-green-fr","10":"product_cat-marqueur-demplacement","11":"product_tag-sur-demande","13":"first","14":"instock","15":"taxable","16":"shipping-taxable","17":"purchasable","18":"product-type-variable"},"acf":[],"_links":{"self":[{"href":"https:\/\/sibeag.ch\/fr\/wp-json\/wp\/v2\/product\/23940","targetHints":{"allow":["GET"]}}],"collection":[{"href":"https:\/\/sibeag.ch\/fr\/wp-json\/wp\/v2\/product"}],"about":[{"href":"https:\/\/sibeag.ch\/fr\/wp-json\/wp\/v2\/types\/product"}],"wp:featuredmedia":[{"embeddable":true,"href":"https:\/\/sibeag.ch\/fr\/wp-json\/wp\/v2\/media\/25082"}],"wp:attachment":[{"href":"https:\/\/sibeag.ch\/fr\/wp-json\/wp\/v2\/media?parent=23940"}],"wp:term":[{"taxonomy":"product_brand","embeddable":true,"href":"https:\/\/sibeag.ch\/fr\/wp-json\/wp\/v2\/product_brand?post=23940"},{"taxonomy":"product_cat","embeddable":true,"href":"https:\/\/sibeag.ch\/fr\/wp-json\/wp\/v2\/product_cat?post=23940"},{"taxonomy":"product_tag","embeddable":true,"href":"https:\/\/sibeag.ch\/fr\/wp-json\/wp\/v2\/product_tag?post=23940"}],"curies":[{"name":"wp","href":"https:\/\/api.w.org\/{rel}","templated":true}]}}