{"id":23941,"date":"2019-03-04T10:31:06","date_gmt":"2019-09-23T13:46:53","guid":{"rendered":"https:\/\/www.sibeag.ch\/shop\/non class\u00e9\/fanion-de-putting-green-numerote-duplex\/"},"modified":"2019-09-23T13:46:53","modified_gmt":"2019-09-23T13:46:53","slug":"fanion-de-putting-numerote-duplex","status":"publish","type":"product","link":"https:\/\/sibeag.ch\/fr\/putting-green-fr\/fanions\/fanion-de-putting-numerote-duplex\/","title":{"rendered":"Fanion de Putting Green num\u00e9rot\u00e9 duplex"},"content":{"rendered":"","protected":false},"excerpt":{"rendered":"<p><img loading=\"lazy\" decoding=\"async\" class=\"alignright size-full wp-image-184\" src=\"https:\/\/www.sibeag.ch\/wp-content\/uploads\/Standard-Golf-Logo.jpg\" alt=\"Standard Golf Logo\" width=\"112\" height=\"30\"><\/p>\n<h1>Fanion de Putting Green num\u00e9rot\u00e9 duplex<\/h1>\n<p>Compatible avec tous les hampes de Putting Green courants (\u00f8 1 cm) et hampes de Putting Green Junior Tournament ainsi que les hampes de Putting Green Par Aide (\u00f8 1.3 cm).<\/p>\n<ul>\n<li>13.9 x 20.3 cm<\/li>\n<li>num\u00e9rot\u00e9 de deux c\u00f4t\u00e9s<\/li>\n<li>avec une grande tube pour les hampes<\/li>\n<\/ul>\n","protected":false},"featured_media":19531,"template":"","meta":{"_acf_changed":false},"product_brand":[],"product_cat":[1004,1005],"product_tag":[],"class_list":{"0":"entry","1":"author-sibeag","2":"has-excerpt","3":"post-23941","4":"product","5":"type-product","6":"status-publish","7":"has-post-thumbnail","8":"product_cat-putting-green-fr","9":"product_cat-fanions","11":"first","12":"instock","13":"taxable","14":"shipping-taxable","15":"purchasable","16":"product-type-variable"},"acf":[],"_links":{"self":[{"href":"https:\/\/sibeag.ch\/fr\/wp-json\/wp\/v2\/product\/23941","targetHints":{"allow":["GET"]}}],"collection":[{"href":"https:\/\/sibeag.ch\/fr\/wp-json\/wp\/v2\/product"}],"about":[{"href":"https:\/\/sibeag.ch\/fr\/wp-json\/wp\/v2\/types\/product"}],"wp:featuredmedia":[{"embeddable":true,"href":"https:\/\/sibeag.ch\/fr\/wp-json\/wp\/v2\/media\/19531"}],"wp:attachment":[{"href":"https:\/\/sibeag.ch\/fr\/wp-json\/wp\/v2\/media?parent=23941"}],"wp:term":[{"taxonomy":"product_brand","embeddable":true,"href":"https:\/\/sibeag.ch\/fr\/wp-json\/wp\/v2\/product_brand?post=23941"},{"taxonomy":"product_cat","embeddable":true,"href":"https:\/\/sibeag.ch\/fr\/wp-json\/wp\/v2\/product_cat?post=23941"},{"taxonomy":"product_tag","embeddable":true,"href":"https:\/\/sibeag.ch\/fr\/wp-json\/wp\/v2\/product_tag?post=23941"}],"curies":[{"name":"wp","href":"https:\/\/api.w.org\/{rel}","templated":true}]}}