{"id":23946,"date":"2019-03-01T11:46:51","date_gmt":"2019-09-23T13:54:00","guid":{"rendered":"https:\/\/www.sibeag.ch\/shop\/non%20class\u00e9\/drapeau-avec-impression-debout\/"},"modified":"2026-02-18T17:19:32","modified_gmt":"2026-02-18T16:19:32","slug":"drapeau-impression-debout","status":"publish","type":"product","link":"https:\/\/sibeag.ch\/fr\/parcours-de-golf\/green-fr\/drapeaux\/drapeaux-personnalises\/drapeau-impression-debout\/","title":{"rendered":"Drapeau avec impression, debout"},"content":{"rendered":"","protected":false},"excerpt":{"rendered":"<h1>Drapeau avec impression, debout<\/h1>\n<ul>\n<li>Gr\u00e2ce \u00e0 la couche renforc\u00e9 sp\u00e9ciale le drapeau est toujours visible et debout m\u00eame sans le vent<\/li>\n<li>Choisissez entre la taille standard (34 x 49 cm) ou une taille\/forme selon vos souhaits<\/li>\n<li>toujours avec une impression sur les deux c\u00f4t\u00e9s<\/li>\n<\/ul>\n","protected":false},"featured_media":19504,"template":"","meta":{"_acf_changed":false},"product_brand":[],"product_cat":[961,971,972,1055],"product_tag":[2164],"class_list":{"0":"entry","1":"author-sibeag","2":"has-excerpt","3":"post-23946","4":"product","5":"type-product","6":"status-publish","7":"has-post-thumbnail","8":"product_cat-parcours-de-golf","9":"product_cat-green-fr","10":"product_cat-drapeaux","11":"product_cat-drapeaux-personnalises","12":"product_tag-logo-fr","14":"first","15":"instock","16":"taxable","17":"shipping-taxable","18":"purchasable","19":"product-type-variable"},"acf":[],"_links":{"self":[{"href":"https:\/\/sibeag.ch\/fr\/wp-json\/wp\/v2\/product\/23946","targetHints":{"allow":["GET"]}}],"collection":[{"href":"https:\/\/sibeag.ch\/fr\/wp-json\/wp\/v2\/product"}],"about":[{"href":"https:\/\/sibeag.ch\/fr\/wp-json\/wp\/v2\/types\/product"}],"wp:featuredmedia":[{"embeddable":true,"href":"https:\/\/sibeag.ch\/fr\/wp-json\/wp\/v2\/media\/19504"}],"wp:attachment":[{"href":"https:\/\/sibeag.ch\/fr\/wp-json\/wp\/v2\/media?parent=23946"}],"wp:term":[{"taxonomy":"product_brand","embeddable":true,"href":"https:\/\/sibeag.ch\/fr\/wp-json\/wp\/v2\/product_brand?post=23946"},{"taxonomy":"product_cat","embeddable":true,"href":"https:\/\/sibeag.ch\/fr\/wp-json\/wp\/v2\/product_cat?post=23946"},{"taxonomy":"product_tag","embeddable":true,"href":"https:\/\/sibeag.ch\/fr\/wp-json\/wp\/v2\/product_tag?post=23946"}],"curies":[{"name":"wp","href":"https:\/\/api.w.org\/{rel}","templated":true}]}}