{"id":23949,"date":"2019-03-01T11:47:08","date_gmt":"2019-09-23T13:56:45","guid":{"rendered":"https:\/\/www.sibeag.ch\/shop\/non%20class\u00e9\/fanion-de-putting-green-avec-impression-debout\/"},"modified":"2026-02-18T17:19:33","modified_gmt":"2026-02-18T16:19:33","slug":"fanion-putting-green-debout","status":"publish","type":"product","link":"https:\/\/sibeag.ch\/fr\/putting-green-fr\/fanions\/fanion-putting-green-debout\/","title":{"rendered":"Fanion de Putting Green avec impression, debout"},"content":{"rendered":"","protected":false},"excerpt":{"rendered":"<h1>Fanion de Putting Green avec impression, debout<\/h1>\n<ul>\n<li>Gr\u00e2ce \u00e0 la couche renforc\u00e9 sp\u00e9ciale le drapeau est toujours visible et debout m\u00eame sans le vent<\/li>\n<li>Choisissez entre la version standard (13.9 x 20.36 cm) et la version individuel (dimension et forme selon vos souhaits)<\/li>\n<\/ul>\n","protected":false},"featured_media":18552,"template":"","meta":{"_acf_changed":false},"product_brand":[],"product_cat":[1004,1005],"product_tag":[2948],"class_list":{"0":"entry","1":"author-sibeag","2":"has-excerpt","3":"post-23949","4":"product","5":"type-product","6":"status-publish","7":"has-post-thumbnail","8":"product_cat-putting-green-fr","9":"product_cat-fanions","10":"product_tag-prix-avec-logo","12":"first","13":"instock","14":"taxable","15":"shipping-taxable","16":"purchasable","17":"product-type-variable"},"acf":[],"_links":{"self":[{"href":"https:\/\/sibeag.ch\/fr\/wp-json\/wp\/v2\/product\/23949","targetHints":{"allow":["GET"]}}],"collection":[{"href":"https:\/\/sibeag.ch\/fr\/wp-json\/wp\/v2\/product"}],"about":[{"href":"https:\/\/sibeag.ch\/fr\/wp-json\/wp\/v2\/types\/product"}],"wp:featuredmedia":[{"embeddable":true,"href":"https:\/\/sibeag.ch\/fr\/wp-json\/wp\/v2\/media\/18552"}],"wp:attachment":[{"href":"https:\/\/sibeag.ch\/fr\/wp-json\/wp\/v2\/media?parent=23949"}],"wp:term":[{"taxonomy":"product_brand","embeddable":true,"href":"https:\/\/sibeag.ch\/fr\/wp-json\/wp\/v2\/product_brand?post=23949"},{"taxonomy":"product_cat","embeddable":true,"href":"https:\/\/sibeag.ch\/fr\/wp-json\/wp\/v2\/product_cat?post=23949"},{"taxonomy":"product_tag","embeddable":true,"href":"https:\/\/sibeag.ch\/fr\/wp-json\/wp\/v2\/product_tag?post=23949"}],"curies":[{"name":"wp","href":"https:\/\/api.w.org\/{rel}","templated":true}]}}