{"id":24026,"date":"2019-04-08T20:18:30","date_gmt":"2019-09-24T06:49:36","guid":{"rendered":"https:\/\/www.sibeag.ch\/shop\/non%20class\u00e9\/banc-port\/"},"modified":"2024-11-30T08:45:32","modified_gmt":"2024-11-30T07:45:32","slug":"banc-port","status":"publish","type":"product","link":"https:\/\/sibeag.ch\/fr\/parcours-de-golf\/depart\/banc\/banc-port\/","title":{"rendered":"Banc Port"},"content":{"rendered":"","protected":false},"excerpt":{"rendered":"<h1>Banc Port<\/h1>\n<p>Banc \u00e9l\u00e9gant en plastique recycl\u00e9 Tr\u00e8s robuste et durable<\/p>\n<ul>\n<li>150 cm de long<\/li>\n<li>38 cm de profondeur<\/li>\n<li>hauteur d&rsquo;assise 45 cm<\/li>\n<li>poids 74 kg<\/li>\n<li>autres couleurs sur demande<\/li>\n<\/ul>\n","protected":false},"featured_media":19772,"template":"","meta":{"_acf_changed":false},"product_brand":[],"product_cat":[966,999],"product_tag":[2939],"class_list":{"0":"entry","1":"author-sibeag","2":"has-excerpt","3":"post-24026","4":"product","5":"type-product","6":"status-publish","7":"has-post-thumbnail","8":"product_cat-depart","9":"product_cat-banc","10":"product_tag-sur-demande","12":"first","13":"instock","14":"taxable","15":"shipping-taxable","16":"purchasable","17":"product-type-variable"},"acf":[],"_links":{"self":[{"href":"https:\/\/sibeag.ch\/fr\/wp-json\/wp\/v2\/product\/24026","targetHints":{"allow":["GET"]}}],"collection":[{"href":"https:\/\/sibeag.ch\/fr\/wp-json\/wp\/v2\/product"}],"about":[{"href":"https:\/\/sibeag.ch\/fr\/wp-json\/wp\/v2\/types\/product"}],"wp:featuredmedia":[{"embeddable":true,"href":"https:\/\/sibeag.ch\/fr\/wp-json\/wp\/v2\/media\/19772"}],"wp:attachment":[{"href":"https:\/\/sibeag.ch\/fr\/wp-json\/wp\/v2\/media?parent=24026"}],"wp:term":[{"taxonomy":"product_brand","embeddable":true,"href":"https:\/\/sibeag.ch\/fr\/wp-json\/wp\/v2\/product_brand?post=24026"},{"taxonomy":"product_cat","embeddable":true,"href":"https:\/\/sibeag.ch\/fr\/wp-json\/wp\/v2\/product_cat?post=24026"},{"taxonomy":"product_tag","embeddable":true,"href":"https:\/\/sibeag.ch\/fr\/wp-json\/wp\/v2\/product_tag?post=24026"}],"curies":[{"name":"wp","href":"https:\/\/api.w.org\/{rel}","templated":true}]}}