{"id":24156,"date":"2019-02-26T21:36:12","date_gmt":"2019-02-26T21:36:12","guid":{"rendered":"https:\/\/www.sibeag.ch\/shop\/non%20class\u00e9\/explanar-home\/"},"modified":"2026-02-18T16:43:05","modified_gmt":"2026-02-18T15:43:05","slug":"explanar-home-2","status":"publish","type":"product","link":"https:\/\/sibeag.ch\/fr\/practice-driving-range\/appareils-de-mesure\/aide-au-swing\/explanar-home-2\/","title":{"rendered":"Explanar Home"},"content":{"rendered":"","protected":false},"excerpt":{"rendered":"<h1>Explanar Home<\/h1>\n<p>L&rsquo;aide id\u00e9ale \u00e0 la formation pour les d\u00e9butants et les professionnels. <span lang=\"de\" tabindex=\"0\">L&rsquo;Explanar est r\u00e9glable et peut donc \u00eatre utilis\u00e9 par les golfeurs de toutes tailles et pour une vari\u00e9t\u00e9 de swings de golf.<br \/>\n<\/span><\/p>\n<ul>\n<li>fait pour les personnes de 1.5 \u00e0 2 m<\/li>\n<li>Rouleau d&rsquo;entra\u00eenement inclus<\/li>\n<\/ul>\n<p>&nbsp;<\/p>\n","protected":false},"featured_media":18428,"template":"","meta":{"_acf_changed":false},"product_brand":[],"product_cat":[964,1941,2778],"product_tag":[],"class_list":{"0":"entry","1":"author-sibeag","2":"has-excerpt","3":"post-24156","4":"product","5":"type-product","6":"status-publish","7":"has-post-thumbnail","8":"product_cat-practice-driving-range","9":"product_cat-appareils-de-mesure","10":"product_cat-aide-au-swing","11":"product_shipping_class-objets-encombrants","13":"first","14":"instock","15":"taxable","16":"shipping-taxable","17":"purchasable","18":"product-type-simple"},"acf":[],"_links":{"self":[{"href":"https:\/\/sibeag.ch\/fr\/wp-json\/wp\/v2\/product\/24156","targetHints":{"allow":["GET"]}}],"collection":[{"href":"https:\/\/sibeag.ch\/fr\/wp-json\/wp\/v2\/product"}],"about":[{"href":"https:\/\/sibeag.ch\/fr\/wp-json\/wp\/v2\/types\/product"}],"wp:featuredmedia":[{"embeddable":true,"href":"https:\/\/sibeag.ch\/fr\/wp-json\/wp\/v2\/media\/18428"}],"wp:attachment":[{"href":"https:\/\/sibeag.ch\/fr\/wp-json\/wp\/v2\/media?parent=24156"}],"wp:term":[{"taxonomy":"product_brand","embeddable":true,"href":"https:\/\/sibeag.ch\/fr\/wp-json\/wp\/v2\/product_brand?post=24156"},{"taxonomy":"product_cat","embeddable":true,"href":"https:\/\/sibeag.ch\/fr\/wp-json\/wp\/v2\/product_cat?post=24156"},{"taxonomy":"product_tag","embeddable":true,"href":"https:\/\/sibeag.ch\/fr\/wp-json\/wp\/v2\/product_tag?post=24156"}],"curies":[{"name":"wp","href":"https:\/\/api.w.org\/{rel}","templated":true}]}}