{"id":24157,"date":"2019-02-26T21:37:04","date_gmt":"2019-02-26T21:37:04","guid":{"rendered":"https:\/\/www.sibeag.ch\/shop\/non%20class\u00e9\/explanar-junior\/"},"modified":"2026-02-18T16:43:06","modified_gmt":"2026-02-18T15:43:06","slug":"explanar-junior-2","status":"publish","type":"product","link":"https:\/\/sibeag.ch\/fr\/practice-driving-range\/appareils-de-mesure\/aide-au-swing\/explanar-junior-2\/","title":{"rendered":"Explanar Junior"},"content":{"rendered":"","protected":false},"excerpt":{"rendered":"<h1>Explanar Junior<\/h1>\n<p><span lang=\"de\" tabindex=\"0\">L&rsquo;Explanar est r\u00e9glable et peut donc \u00eatre utilis\u00e9 par les kids de 0.9 m et 1.5 m pour une vari\u00e9t\u00e9 de swings de golf.<br \/>\n<\/span><\/p>\n<ul>\n<li>Rouleau d&rsquo;entra\u00eenement inclus<\/li>\n<\/ul>\n<p>&nbsp;<\/p>\n","protected":false},"featured_media":18432,"template":"","meta":{"_acf_changed":false},"product_brand":[],"product_cat":[964,1941,2778],"product_tag":[],"class_list":{"0":"entry","1":"author-sibeag","2":"has-excerpt","3":"post-24157","4":"product","5":"type-product","6":"status-publish","7":"has-post-thumbnail","8":"product_cat-practice-driving-range","9":"product_cat-appareils-de-mesure","10":"product_cat-aide-au-swing","11":"product_shipping_class-objets-encombrants","13":"first","14":"instock","15":"taxable","16":"shipping-taxable","17":"purchasable","18":"product-type-simple"},"acf":[],"_links":{"self":[{"href":"https:\/\/sibeag.ch\/fr\/wp-json\/wp\/v2\/product\/24157","targetHints":{"allow":["GET"]}}],"collection":[{"href":"https:\/\/sibeag.ch\/fr\/wp-json\/wp\/v2\/product"}],"about":[{"href":"https:\/\/sibeag.ch\/fr\/wp-json\/wp\/v2\/types\/product"}],"wp:featuredmedia":[{"embeddable":true,"href":"https:\/\/sibeag.ch\/fr\/wp-json\/wp\/v2\/media\/18432"}],"wp:attachment":[{"href":"https:\/\/sibeag.ch\/fr\/wp-json\/wp\/v2\/media?parent=24157"}],"wp:term":[{"taxonomy":"product_brand","embeddable":true,"href":"https:\/\/sibeag.ch\/fr\/wp-json\/wp\/v2\/product_brand?post=24157"},{"taxonomy":"product_cat","embeddable":true,"href":"https:\/\/sibeag.ch\/fr\/wp-json\/wp\/v2\/product_cat?post=24157"},{"taxonomy":"product_tag","embeddable":true,"href":"https:\/\/sibeag.ch\/fr\/wp-json\/wp\/v2\/product_tag?post=24157"}],"curies":[{"name":"wp","href":"https:\/\/api.w.org\/{rel}","templated":true}]}}