{"id":24165,"date":"2019-01-25T16:24:42","date_gmt":"2019-09-24T07:49:44","guid":{"rendered":"https:\/\/www.sibeag.ch\/shop\/non%20class\u00e9\/station-de-lavage-pour-chariots-24-v\/"},"modified":"2024-11-30T08:57:23","modified_gmt":"2024-11-30T07:57:23","slug":"station-de-lavage-pour-chariots-24v","status":"publish","type":"product","link":"https:\/\/sibeag.ch\/fr\/club-house\/zone-de-nettoyage\/station-de-lavage-chariots\/station-de-lavage-pour-chariots-24v\/","title":{"rendered":"Station de lavage pour chariots, 24 V"},"content":{"rendered":"","protected":false},"excerpt":{"rendered":"<h1>Station de lavage pour chariots, 24 V<\/h1>\n<p>Avec le syst\u00e8me de lavage de chariot, un dispositif pratique et facile \u00e0 utiliser est disponible pour garder la salle de caddie et le terrain autour de votre clubhouse absolument propre. Facile \u00e0 utiliser pour les golfeurs.<\/p>\n<ul>\n<li>126 x 95 x 69 cm (L x P x H)<\/li>\n<li>avec connexion de l&rsquo;eau<\/li>\n<li>baignoire PE r\u00e9sistante aux UV et \u00e9coulement d&rsquo;eau int\u00e9gr\u00e9<\/li>\n<li>\u00e9galement pour les chariots \u00e9lectrique<\/li>\n<\/ul>\n","protected":false},"featured_media":11199,"template":"","meta":{"_acf_changed":false},"product_brand":[],"product_cat":[962,1081,2763],"product_tag":[2939],"class_list":{"0":"entry","1":"author-sibegolf","2":"has-excerpt","3":"post-24165","4":"product","5":"type-product","6":"status-publish","7":"has-post-thumbnail","8":"product_cat-club-house","9":"product_cat-zone-de-nettoyage","10":"product_cat-station-de-lavage-chariots","11":"product_tag-sur-demande","13":"first","14":"instock","15":"taxable","16":"shipping-taxable","17":"purchasable","18":"product-type-simple"},"acf":[],"_links":{"self":[{"href":"https:\/\/sibeag.ch\/fr\/wp-json\/wp\/v2\/product\/24165","targetHints":{"allow":["GET"]}}],"collection":[{"href":"https:\/\/sibeag.ch\/fr\/wp-json\/wp\/v2\/product"}],"about":[{"href":"https:\/\/sibeag.ch\/fr\/wp-json\/wp\/v2\/types\/product"}],"wp:featuredmedia":[{"embeddable":true,"href":"https:\/\/sibeag.ch\/fr\/wp-json\/wp\/v2\/media\/11199"}],"wp:attachment":[{"href":"https:\/\/sibeag.ch\/fr\/wp-json\/wp\/v2\/media?parent=24165"}],"wp:term":[{"taxonomy":"product_brand","embeddable":true,"href":"https:\/\/sibeag.ch\/fr\/wp-json\/wp\/v2\/product_brand?post=24165"},{"taxonomy":"product_cat","embeddable":true,"href":"https:\/\/sibeag.ch\/fr\/wp-json\/wp\/v2\/product_cat?post=24165"},{"taxonomy":"product_tag","embeddable":true,"href":"https:\/\/sibeag.ch\/fr\/wp-json\/wp\/v2\/product_tag?post=24165"}],"curies":[{"name":"wp","href":"https:\/\/api.w.org\/{rel}","templated":true}]}}