{"id":24166,"date":"2019-01-25T16:31:46","date_gmt":"2019-09-24T07:53:10","guid":{"rendered":"https:\/\/www.sibeag.ch\/shop\/non%20class\u00e9\/tableau-championnat-du-club\/"},"modified":"2024-11-30T08:48:23","modified_gmt":"2024-11-30T07:48:23","slug":"tableau-championnat-du-club","status":"publish","type":"product","link":"https:\/\/sibeag.ch\/fr\/club-house\/tableaux-c\/tableau-championnat-du-club\/","title":{"rendered":"Tableau championnat du club"},"content":{"rendered":"","protected":false},"excerpt":{"rendered":"<h1>Tableau championnat du club<\/h1>\n<p>Tableaux championnats du club de haute qualit\u00e9 disponibles en diff\u00e9rentes tailles et mat\u00e9riaux.<\/p>\n","protected":false},"featured_media":30607,"template":"","meta":{"_acf_changed":false},"product_brand":[],"product_cat":[962,2339],"product_tag":[2939],"class_list":{"0":"entry","1":"author-sibegolf","2":"has-excerpt","3":"post-24166","4":"product","5":"type-product","6":"status-publish","7":"has-post-thumbnail","8":"product_cat-club-house","9":"product_cat-tableaux-c","10":"product_tag-sur-demande","12":"first","13":"instock","14":"taxable","15":"shipping-taxable","16":"purchasable","17":"product-type-simple"},"acf":[],"_links":{"self":[{"href":"https:\/\/sibeag.ch\/fr\/wp-json\/wp\/v2\/product\/24166","targetHints":{"allow":["GET"]}}],"collection":[{"href":"https:\/\/sibeag.ch\/fr\/wp-json\/wp\/v2\/product"}],"about":[{"href":"https:\/\/sibeag.ch\/fr\/wp-json\/wp\/v2\/types\/product"}],"wp:featuredmedia":[{"embeddable":true,"href":"https:\/\/sibeag.ch\/fr\/wp-json\/wp\/v2\/media\/30607"}],"wp:attachment":[{"href":"https:\/\/sibeag.ch\/fr\/wp-json\/wp\/v2\/media?parent=24166"}],"wp:term":[{"taxonomy":"product_brand","embeddable":true,"href":"https:\/\/sibeag.ch\/fr\/wp-json\/wp\/v2\/product_brand?post=24166"},{"taxonomy":"product_cat","embeddable":true,"href":"https:\/\/sibeag.ch\/fr\/wp-json\/wp\/v2\/product_cat?post=24166"},{"taxonomy":"product_tag","embeddable":true,"href":"https:\/\/sibeag.ch\/fr\/wp-json\/wp\/v2\/product_tag?post=24166"}],"curies":[{"name":"wp","href":"https:\/\/api.w.org\/{rel}","templated":true}]}}