{"id":24181,"date":"2019-02-26T20:43:05","date_gmt":"2019-09-24T08:24:05","guid":{"rendered":"https:\/\/www.sibeag.ch\/shop\/non%20class\u00e9\/range-servant-connected-care\/"},"modified":"2024-11-30T08:48:00","modified_gmt":"2024-11-30T07:48:00","slug":"range-servant-connected-care","status":"publish","type":"product","link":"https:\/\/sibeag.ch\/fr\/practice-driving-range\/systeme-de-gestion-de-balles\/systemes-de-paiement\/range-servant-connected-care\/","title":{"rendered":"Range Servant Connected Care"},"content":{"rendered":"","protected":false},"excerpt":{"rendered":"<p><img decoding=\"async\" class=\"alignright size-medium wp-image-3355 range-servant-logo\" src=\"https:\/\/www.sibeag.ch\/wp-content\/uploads\/range-servant-logo.jpg\" alt=\"Logo Range Servant\"><\/p>\n<h1>Range Servant Connected Care<\/h1>\n<ul>\n<li>observe le stock de balles dans la machine \u00e0 balles et vous informe par SMS quand il est temps de ramasser des balles<\/li>\n<li>montre des informations sur le nombre de balles vendues et \u00e9value les diff\u00e9rents syst\u00e8mes de paiement<\/li>\n<li>Vous serez inform\u00e9 d\u00e8s qu&rsquo;un service sera n\u00e9cessaire<\/li>\n<li>Installation facile gr\u00e2ce \u00e0 une connexion par une carte SIM<\/li>\n<\/ul>\n","protected":false},"featured_media":18902,"template":"","meta":{"_acf_changed":false},"product_brand":[],"product_cat":[964,1111,1110,1076],"product_tag":[2939],"class_list":{"0":"entry","1":"author-sibeag","2":"has-excerpt","3":"post-24181","4":"product","5":"type-product","6":"status-publish","7":"has-post-thumbnail","8":"product_cat-practice-driving-range","9":"product_cat-systeme-de-gestion-de-balles","10":"product_cat-transport-de-balles","11":"product_cat-systemes-de-paiement","12":"product_tag-sur-demande","14":"first","15":"instock","16":"taxable","17":"shipping-taxable","18":"product-type-simple"},"acf":[],"_links":{"self":[{"href":"https:\/\/sibeag.ch\/fr\/wp-json\/wp\/v2\/product\/24181","targetHints":{"allow":["GET"]}}],"collection":[{"href":"https:\/\/sibeag.ch\/fr\/wp-json\/wp\/v2\/product"}],"about":[{"href":"https:\/\/sibeag.ch\/fr\/wp-json\/wp\/v2\/types\/product"}],"wp:featuredmedia":[{"embeddable":true,"href":"https:\/\/sibeag.ch\/fr\/wp-json\/wp\/v2\/media\/18902"}],"wp:attachment":[{"href":"https:\/\/sibeag.ch\/fr\/wp-json\/wp\/v2\/media?parent=24181"}],"wp:term":[{"taxonomy":"product_brand","embeddable":true,"href":"https:\/\/sibeag.ch\/fr\/wp-json\/wp\/v2\/product_brand?post=24181"},{"taxonomy":"product_cat","embeddable":true,"href":"https:\/\/sibeag.ch\/fr\/wp-json\/wp\/v2\/product_cat?post=24181"},{"taxonomy":"product_tag","embeddable":true,"href":"https:\/\/sibeag.ch\/fr\/wp-json\/wp\/v2\/product_tag?post=24181"}],"curies":[{"name":"wp","href":"https:\/\/api.w.org\/{rel}","templated":true}]}}