{"id":24186,"date":"2019-03-01T14:03:16","date_gmt":"2019-09-24T08:38:02","guid":{"rendered":"https:\/\/www.sibeag.ch\/shop\/non%20class\u00e9\/gazon-synthetique-range-turf-rempli-de-sable\/"},"modified":"2024-11-30T08:45:41","modified_gmt":"2024-11-30T07:45:41","slug":"gazon-synthetique-range-turf-rempli-de-sable","status":"publish","type":"product","link":"https:\/\/sibeag.ch\/fr\/practice-driving-range\/amenagement-equipement\/gazon-synthetique\/gazon-synthetique-range-turf-rempli-de-sable\/","title":{"rendered":"Gazon synth\u00e9tique Range Turf, rempli de sable"},"content":{"rendered":"","protected":false},"excerpt":{"rendered":"<h1>Gazon synth\u00e9tique Range Turf, rempli de sable<\/h1>\n<p>Gazon synth\u00e9tique de haute qualit\u00e9 qui peut \u00eatre utilis\u00e9 pour plusieurs applications \u00e0 l&rsquo;ext\u00e9rieur<\/p>\n<ul>\n<li>\u00e0 charger de sable<\/li>\n<li>avec dos latex<\/li>\n<\/ul>\n","protected":false},"featured_media":18907,"template":"","meta":{"_acf_changed":false},"product_brand":[],"product_cat":[964,2772,1094],"product_tag":[2939],"class_list":{"0":"entry","1":"author-sibeag","2":"has-excerpt","3":"post-24186","4":"product","5":"type-product","6":"status-publish","7":"has-post-thumbnail","8":"product_cat-practice-driving-range","9":"product_cat-amenagement-equipement","10":"product_cat-gazon-synthetique","11":"product_tag-sur-demande","13":"first","14":"instock","15":"taxable","16":"shipping-taxable","17":"purchasable","18":"product-type-variable"},"acf":[],"_links":{"self":[{"href":"https:\/\/sibeag.ch\/fr\/wp-json\/wp\/v2\/product\/24186","targetHints":{"allow":["GET"]}}],"collection":[{"href":"https:\/\/sibeag.ch\/fr\/wp-json\/wp\/v2\/product"}],"about":[{"href":"https:\/\/sibeag.ch\/fr\/wp-json\/wp\/v2\/types\/product"}],"wp:featuredmedia":[{"embeddable":true,"href":"https:\/\/sibeag.ch\/fr\/wp-json\/wp\/v2\/media\/18907"}],"wp:attachment":[{"href":"https:\/\/sibeag.ch\/fr\/wp-json\/wp\/v2\/media?parent=24186"}],"wp:term":[{"taxonomy":"product_brand","embeddable":true,"href":"https:\/\/sibeag.ch\/fr\/wp-json\/wp\/v2\/product_brand?post=24186"},{"taxonomy":"product_cat","embeddable":true,"href":"https:\/\/sibeag.ch\/fr\/wp-json\/wp\/v2\/product_cat?post=24186"},{"taxonomy":"product_tag","embeddable":true,"href":"https:\/\/sibeag.ch\/fr\/wp-json\/wp\/v2\/product_tag?post=24186"}],"curies":[{"name":"wp","href":"https:\/\/api.w.org\/{rel}","templated":true}]}}