{"id":24264,"date":"2019-03-04T10:48:13","date_gmt":"2019-09-24T12:00:22","guid":{"rendered":"https:\/\/www.sibeag.ch\/shop\/non%20class\u00e9\/tee-up-t-box\/"},"modified":"2024-11-30T08:45:36","modified_gmt":"2024-11-30T07:45:36","slug":"tee-up-t-box","status":"publish","type":"product","link":"https:\/\/sibeag.ch\/fr\/practice-driving-range\/zone-de-depart\/systemes-tee-up\/tee-up-t-box\/","title":{"rendered":"Tee Up T-Box"},"content":{"rendered":"","protected":false},"excerpt":{"rendered":"<p><img decoding=\"async\" class=\"alignright size-medium wp-image-3355 range-servant-logo\" src=\"https:\/\/www.sibeag.ch\/wp-content\/uploads\/range-servant-logo.jpg\" alt=\"Logo Range Servant\"><\/p>\n<h1>Tee Up T-Box<\/h1>\n<p>Gr\u00e2ce au syst\u00e8me Tee-Up la vitesse de jeu augmente de 25 \u00e0 50%. Les golfeurs profitent de ce syst\u00e8me parce que \u00e7a permet de taper des balles sans avoir besoin de se baisser et sans changer la prise du club.<\/p>\n<p>Jouable par un syst\u00e8me de paiement int\u00e9gr\u00e9 ou par code pin cr\u00e9\u00e9 dans le secr\u00e9tariat.<\/p>\n<ul>\n<li>capacit\u00e9 de 1&rsquo;500 balles<\/li>\n<li>\u00e0 sens unique ou \u00e0 double face possible<\/li>\n<\/ul>\n","protected":false},"featured_media":18816,"template":"","meta":{"_acf_changed":false},"product_brand":[],"product_cat":[964,2768,1870],"product_tag":[2939],"class_list":{"0":"entry","1":"author-sibeag","2":"has-excerpt","3":"post-24264","4":"product","5":"type-product","6":"status-publish","7":"has-post-thumbnail","8":"product_cat-practice-driving-range","9":"product_cat-zone-de-depart","10":"product_cat-systemes-tee-up","11":"product_tag-sur-demande","13":"first","14":"instock","15":"taxable","16":"shipping-taxable","17":"purchasable","18":"product-type-variable"},"acf":[],"_links":{"self":[{"href":"https:\/\/sibeag.ch\/fr\/wp-json\/wp\/v2\/product\/24264","targetHints":{"allow":["GET"]}}],"collection":[{"href":"https:\/\/sibeag.ch\/fr\/wp-json\/wp\/v2\/product"}],"about":[{"href":"https:\/\/sibeag.ch\/fr\/wp-json\/wp\/v2\/types\/product"}],"wp:featuredmedia":[{"embeddable":true,"href":"https:\/\/sibeag.ch\/fr\/wp-json\/wp\/v2\/media\/18816"}],"wp:attachment":[{"href":"https:\/\/sibeag.ch\/fr\/wp-json\/wp\/v2\/media?parent=24264"}],"wp:term":[{"taxonomy":"product_brand","embeddable":true,"href":"https:\/\/sibeag.ch\/fr\/wp-json\/wp\/v2\/product_brand?post=24264"},{"taxonomy":"product_cat","embeddable":true,"href":"https:\/\/sibeag.ch\/fr\/wp-json\/wp\/v2\/product_cat?post=24264"},{"taxonomy":"product_tag","embeddable":true,"href":"https:\/\/sibeag.ch\/fr\/wp-json\/wp\/v2\/product_tag?post=24264"}],"curies":[{"name":"wp","href":"https:\/\/api.w.org\/{rel}","templated":true}]}}