{"id":24296,"date":"2019-09-24T14:49:49","date_gmt":"2019-09-24T14:49:59","guid":{"rendered":"https:\/\/www.sibeag.ch\/?post_type=product&#038;p=24296"},"modified":"2026-02-18T17:22:07","modified_gmt":"2026-02-18T16:22:07","slug":"pieces-detachees-hole-cutter-ipro","status":"publish","type":"product","link":"https:\/\/sibeag.ch\/fr\/greenkeeping-fr\/traitement-des-greens\/hole-cutters-accessoires\/pieces-detachees-hole-cutter-ipro\/","title":{"rendered":"Pi\u00e8ces d\u00e9tach\u00e9es pour Hole Cutter iPro"},"content":{"rendered":"<p>&nbsp;<\/p>\n<p>&nbsp;<\/p>\n<p>&nbsp;<\/p>\n","protected":false},"excerpt":{"rendered":"<p><img decoding=\"async\" class=\"alignright size-medium wp-image-3355 bms-logo\" src=\"https:\/\/www.sibeag.ch\/wp-content\/uploads\/bms-logo.jpg\" alt=\"Logo BMS\"><\/p>\n<h1>Pi\u00e8ces d\u00e9tach\u00e9es pour Hole Cutter iPro<\/h1>\n","protected":false},"featured_media":24317,"template":"","meta":{"_acf_changed":false},"product_brand":[],"product_cat":[1001,1028,1024,2163],"product_tag":[2939],"class_list":{"0":"entry","1":"author-sibeag","2":"has-excerpt","3":"post-24296","4":"product","5":"type-product","6":"status-publish","7":"has-post-thumbnail","8":"product_cat-greenkeeping-fr","9":"product_cat-traitement-des-greens","10":"product_cat-hole-cutters-accessoires","11":"product_cat-pieces-detachees-pour-hole-cutters","12":"product_tag-sur-demande","14":"first","15":"instock","16":"taxable","17":"shipping-taxable","18":"purchasable","19":"product-type-variable"},"acf":[],"_links":{"self":[{"href":"https:\/\/sibeag.ch\/fr\/wp-json\/wp\/v2\/product\/24296","targetHints":{"allow":["GET"]}}],"collection":[{"href":"https:\/\/sibeag.ch\/fr\/wp-json\/wp\/v2\/product"}],"about":[{"href":"https:\/\/sibeag.ch\/fr\/wp-json\/wp\/v2\/types\/product"}],"wp:featuredmedia":[{"embeddable":true,"href":"https:\/\/sibeag.ch\/fr\/wp-json\/wp\/v2\/media\/24317"}],"wp:attachment":[{"href":"https:\/\/sibeag.ch\/fr\/wp-json\/wp\/v2\/media?parent=24296"}],"wp:term":[{"taxonomy":"product_brand","embeddable":true,"href":"https:\/\/sibeag.ch\/fr\/wp-json\/wp\/v2\/product_brand?post=24296"},{"taxonomy":"product_cat","embeddable":true,"href":"https:\/\/sibeag.ch\/fr\/wp-json\/wp\/v2\/product_cat?post=24296"},{"taxonomy":"product_tag","embeddable":true,"href":"https:\/\/sibeag.ch\/fr\/wp-json\/wp\/v2\/product_tag?post=24296"}],"curies":[{"name":"wp","href":"https:\/\/api.w.org\/{rel}","templated":true}]}}