{"id":24615,"date":"2019-09-25T13:35:42","date_gmt":"2019-09-25T13:35:43","guid":{"rendered":"https:\/\/www.sibeag.ch\/?post_type=product&#038;p=24615"},"modified":"2024-11-30T07:25:50","modified_gmt":"2024-11-30T06:25:50","slug":"panneau-dacceuil-fusioncast","status":"publish","type":"product","link":"https:\/\/sibeag.ch\/fr\/parcours-de-golf\/signaletique\/panneaux-dacceuil\/panneau-dacceuil-fusioncast\/","title":{"rendered":"Panneau d\u2019accueil FusionCast"},"content":{"rendered":"","protected":false},"excerpt":{"rendered":"<h1>Panneau d\u2019accueil FusionCast<\/h1>\n<p>Ce mat\u00e9riau est produit par un proc\u00e9d\u00e9 sp\u00e9cial de coul\u00e9e \u00e0 froid. \u00c0 cette fin, une mati\u00e8re synth\u00e9tique et le m\u00e9tal sont combin\u00e9s.<\/p>\n<ul>\n<li>forme et taille de votre choix<\/li>\n<li>plusieurs option pour le fond possible<\/li>\n<li>extr\u00eamement r\u00e9sistant \u00e0 l&rsquo;impact<\/li>\n<li>r\u00e9sistant aux UV<\/li>\n<\/ul>\n","protected":false},"featured_media":24625,"template":"","meta":{"_acf_changed":false},"product_brand":[],"product_cat":[961,974,1856],"product_tag":[2939],"class_list":{"0":"entry","1":"author-sibeag","2":"has-excerpt","3":"post-24615","4":"product","5":"type-product","6":"status-publish","7":"has-post-thumbnail","8":"product_cat-parcours-de-golf","9":"product_cat-signaletique","10":"product_cat-panneaux-dacceuil","11":"product_tag-sur-demande","13":"first","14":"instock","15":"taxable","16":"shipping-taxable","17":"purchasable","18":"product-type-simple"},"acf":[],"_links":{"self":[{"href":"https:\/\/sibeag.ch\/fr\/wp-json\/wp\/v2\/product\/24615","targetHints":{"allow":["GET"]}}],"collection":[{"href":"https:\/\/sibeag.ch\/fr\/wp-json\/wp\/v2\/product"}],"about":[{"href":"https:\/\/sibeag.ch\/fr\/wp-json\/wp\/v2\/types\/product"}],"wp:featuredmedia":[{"embeddable":true,"href":"https:\/\/sibeag.ch\/fr\/wp-json\/wp\/v2\/media\/24625"}],"wp:attachment":[{"href":"https:\/\/sibeag.ch\/fr\/wp-json\/wp\/v2\/media?parent=24615"}],"wp:term":[{"taxonomy":"product_brand","embeddable":true,"href":"https:\/\/sibeag.ch\/fr\/wp-json\/wp\/v2\/product_brand?post=24615"},{"taxonomy":"product_cat","embeddable":true,"href":"https:\/\/sibeag.ch\/fr\/wp-json\/wp\/v2\/product_cat?post=24615"},{"taxonomy":"product_tag","embeddable":true,"href":"https:\/\/sibeag.ch\/fr\/wp-json\/wp\/v2\/product_tag?post=24615"}],"curies":[{"name":"wp","href":"https:\/\/api.w.org\/{rel}","templated":true}]}}