{"id":24970,"date":"2019-09-26T08:35:41","date_gmt":"2019-09-26T08:35:41","guid":{"rendered":"https:\/\/www.sibeag.ch\/shop\/non%20class\u00e9\/quick-fill-miltona\/"},"modified":"2026-02-18T16:46:25","modified_gmt":"2026-02-18T15:46:25","slug":"quick-fill-miltona-2","status":"publish","type":"product","link":"https:\/\/sibeag.ch\/fr\/greenkeeping-fr\/traitement-des-greens\/outils-de-reparation\/quick-fill-miltona-2\/","title":{"rendered":"Quick-Fill Miltona"},"content":{"rendered":"","protected":false},"excerpt":{"rendered":"<h1>Quick-Fill Miltona<\/h1>\n<p>Il n&rsquo;a jamais \u00e9t\u00e9 si facile pour r\u00e9parer les pitches sur le green.<\/p>\n<ul>\n<li>\u00e0 remplir avec du sable vert<\/li>\n<li>distribue la bonne quantit\u00e9 de sable<\/li>\n<\/ul>\n","protected":false},"featured_media":24935,"template":"","meta":{"_acf_changed":false},"product_brand":[],"product_cat":[1001,1028,1113,1025,2819],"product_tag":[],"class_list":{"0":"entry","1":"author-sibeag","2":"has-excerpt","3":"post-24970","4":"product","5":"type-product","6":"status-publish","7":"has-post-thumbnail","8":"product_cat-greenkeeping-fr","9":"product_cat-traitement-des-greens","10":"product_cat-outils-de-reparation","11":"product_cat-outils-dentretien","12":"product_cat-marques-de-pitch","14":"first","15":"instock","16":"taxable","17":"shipping-taxable","18":"purchasable","19":"product-type-simple"},"acf":[],"_links":{"self":[{"href":"https:\/\/sibeag.ch\/fr\/wp-json\/wp\/v2\/product\/24970","targetHints":{"allow":["GET"]}}],"collection":[{"href":"https:\/\/sibeag.ch\/fr\/wp-json\/wp\/v2\/product"}],"about":[{"href":"https:\/\/sibeag.ch\/fr\/wp-json\/wp\/v2\/types\/product"}],"wp:featuredmedia":[{"embeddable":true,"href":"https:\/\/sibeag.ch\/fr\/wp-json\/wp\/v2\/media\/24935"}],"wp:attachment":[{"href":"https:\/\/sibeag.ch\/fr\/wp-json\/wp\/v2\/media?parent=24970"}],"wp:term":[{"taxonomy":"product_brand","embeddable":true,"href":"https:\/\/sibeag.ch\/fr\/wp-json\/wp\/v2\/product_brand?post=24970"},{"taxonomy":"product_cat","embeddable":true,"href":"https:\/\/sibeag.ch\/fr\/wp-json\/wp\/v2\/product_cat?post=24970"},{"taxonomy":"product_tag","embeddable":true,"href":"https:\/\/sibeag.ch\/fr\/wp-json\/wp\/v2\/product_tag?post=24970"}],"curies":[{"name":"wp","href":"https:\/\/api.w.org\/{rel}","templated":true}]}}