{"id":24971,"date":"2019-09-19T14:09:12","date_gmt":"2019-09-26T15:10:58","guid":{"rendered":"https:\/\/www.sibeag.ch\/shop\/non%20class\u00e9\/hex-plugger-miltona\/"},"modified":"2024-11-30T08:40:27","modified_gmt":"2024-11-30T07:40:27","slug":"outil-de-reparation-hex-plugger","status":"publish","type":"product","link":"https:\/\/sibeag.ch\/fr\/greenkeeping-fr\/traitement-des-greens\/outils-de-reparation\/outil-de-reparation-hex-plugger\/","title":{"rendered":"Outil de r\u00e9paration Hex Plugger"},"content":{"rendered":"","protected":false},"excerpt":{"rendered":"<p><img decoding=\"async\" class=\"alignright size-medium wp-image-3355 miltona-logo\" src=\"https:\/\/www.sibeag.ch\/wp-content\/uploads\/Miltona-Logo.jpg\" alt=\"Logo Miltona\"><\/p>\n<h1>Outil de r\u00e9paration Hex Plugger<\/h1>\n<p>L&rsquo;outil id\u00e9al pour r\u00e9parer des endroits endommag\u00e9<\/p>\n<ul>\n<li>leger et pratique<\/li>\n<\/ul>\n","protected":false},"featured_media":24206,"template":"","meta":{"_acf_changed":false},"product_brand":[],"product_cat":[1001,1113,1025,2824],"product_tag":[],"class_list":{"0":"entry","1":"author-sibeag","2":"has-excerpt","3":"post-24971","4":"product","5":"type-product","6":"status-publish","7":"has-post-thumbnail","8":"product_cat-greenkeeping-fr","9":"product_cat-outils-de-reparation","10":"product_cat-outils-dentretien","11":"product_cat-outil-de-reparation","13":"first","14":"instock","15":"taxable","16":"shipping-taxable","17":"purchasable","18":"product-type-variable"},"acf":[],"_links":{"self":[{"href":"https:\/\/sibeag.ch\/fr\/wp-json\/wp\/v2\/product\/24971","targetHints":{"allow":["GET"]}}],"collection":[{"href":"https:\/\/sibeag.ch\/fr\/wp-json\/wp\/v2\/product"}],"about":[{"href":"https:\/\/sibeag.ch\/fr\/wp-json\/wp\/v2\/types\/product"}],"wp:featuredmedia":[{"embeddable":true,"href":"https:\/\/sibeag.ch\/fr\/wp-json\/wp\/v2\/media\/24206"}],"wp:attachment":[{"href":"https:\/\/sibeag.ch\/fr\/wp-json\/wp\/v2\/media?parent=24971"}],"wp:term":[{"taxonomy":"product_brand","embeddable":true,"href":"https:\/\/sibeag.ch\/fr\/wp-json\/wp\/v2\/product_brand?post=24971"},{"taxonomy":"product_cat","embeddable":true,"href":"https:\/\/sibeag.ch\/fr\/wp-json\/wp\/v2\/product_cat?post=24971"},{"taxonomy":"product_tag","embeddable":true,"href":"https:\/\/sibeag.ch\/fr\/wp-json\/wp\/v2\/product_tag?post=24971"}],"curies":[{"name":"wp","href":"https:\/\/api.w.org\/{rel}","templated":true}]}}