{"id":25148,"date":"2019-09-26T11:45:03","date_gmt":"2019-09-27T13:52:43","guid":{"rendered":"https:\/\/www.sibeag.ch\/shop\/non%20class\u00e9\/inrange\/"},"modified":"2024-11-29T17:14:40","modified_gmt":"2024-11-29T16:14:40","slug":"inrange-2","status":"publish","type":"product","link":"https:\/\/sibeag.ch\/fr\/practice-driving-range\/appareils-de-mesure\/appareils-de-mesure-fr\/inrange-2\/","title":{"rendered":"inRange"},"content":{"rendered":"","protected":false},"excerpt":{"rendered":"<h1>inRange<\/h1>\n<p>Le nouveau syst\u00e8me de suivi des balles inrange transforme votre practice dans une ar\u00e8ne d&rsquo;exp\u00e9rience. Le logiciel avanc\u00e9 et le syst\u00e8me de suivi unique offre un facteur de plaisir \u00e9lev\u00e9 et une occasion de formation s\u00e9rieuse.<\/p>\n<ul>\n<li>possible \u00e0 partir de 20 d\u00e9parts jusqu&rsquo;\u00e0 60 d\u00e9parts<\/li>\n<li>Games, Highscores, Leaderboards et beaucoup plus<\/li>\n<li>avec \u00e9cran sur chaque d\u00e9part<\/li>\n<li>Syst\u00e8me Tracking unique<\/li>\n<\/ul>\n","protected":false},"featured_media":24952,"template":"","meta":{"_acf_changed":false},"product_brand":[],"product_cat":[964,1941,2776],"product_tag":[2939],"class_list":{"0":"entry","1":"author-sibeag","2":"has-excerpt","3":"post-25148","4":"product","5":"type-product","6":"status-publish","7":"has-post-thumbnail","8":"product_cat-practice-driving-range","9":"product_cat-appareils-de-mesure","10":"product_cat-appareils-de-mesure-fr","11":"product_tag-sur-demande","13":"first","14":"instock","15":"taxable","16":"shipping-taxable","17":"purchasable","18":"product-type-simple"},"acf":[],"_links":{"self":[{"href":"https:\/\/sibeag.ch\/fr\/wp-json\/wp\/v2\/product\/25148","targetHints":{"allow":["GET"]}}],"collection":[{"href":"https:\/\/sibeag.ch\/fr\/wp-json\/wp\/v2\/product"}],"about":[{"href":"https:\/\/sibeag.ch\/fr\/wp-json\/wp\/v2\/types\/product"}],"wp:featuredmedia":[{"embeddable":true,"href":"https:\/\/sibeag.ch\/fr\/wp-json\/wp\/v2\/media\/24952"}],"wp:attachment":[{"href":"https:\/\/sibeag.ch\/fr\/wp-json\/wp\/v2\/media?parent=25148"}],"wp:term":[{"taxonomy":"product_brand","embeddable":true,"href":"https:\/\/sibeag.ch\/fr\/wp-json\/wp\/v2\/product_brand?post=25148"},{"taxonomy":"product_cat","embeddable":true,"href":"https:\/\/sibeag.ch\/fr\/wp-json\/wp\/v2\/product_cat?post=25148"},{"taxonomy":"product_tag","embeddable":true,"href":"https:\/\/sibeag.ch\/fr\/wp-json\/wp\/v2\/product_tag?post=25148"}],"curies":[{"name":"wp","href":"https:\/\/api.w.org\/{rel}","templated":true}]}}