{"id":25380,"date":"2019-09-19T11:54:28","date_gmt":"2019-09-19T11:54:28","guid":{"rendered":"https:\/\/www.sibeag.ch\/shop\/non%20class\u00e9\/epandeur-duo\/"},"modified":"2026-02-18T16:46:14","modified_gmt":"2026-02-18T15:46:14","slug":"epandeur-duo","status":"publish","type":"product","link":"https:\/\/sibeag.ch\/fr\/greenkeeping-fr\/outils-dentretien\/fertilisation\/epandeur-duo\/","title":{"rendered":"\u00c9pandeur DUO"},"content":{"rendered":"","protected":false},"excerpt":{"rendered":"<h1>\u00c9pandeur DUO<\/h1>\n<p>La derni\u00e8re version de l&rsquo;\u00e9pandeur patent\u00e9 de KSAB. L&rsquo;\u00e9pandeur avec la nouvelle poign\u00e9e ergonomique vous laisse r\u00e9gler la hauteur de la poign\u00e9e \u00e0 votre taille. Une poign\u00e9e suppl\u00e9mentaire facilite le levage pour le transport de l&rsquo;\u00e9pandeur. Gr\u00e2ce \u00e0 la double disque patent\u00e9, l&rsquo;\u00e9pandeur DUO pr\u00e9sente la meilleure distribution d&rsquo;engrais de tous les \u00e9pandeurs. Change de l&rsquo;engrais \u00e0 du sable est possible dans moins de 5 minutes avec un tourne-vis.<\/p>\n<ul>\n<li>appropri\u00e9 pour les engrais granul\u00e9s, les graines de pelouse et le sable<\/li>\n<li>conteneur pour environ 40 litres<\/li>\n<li>les deux plaques d&rsquo;\u00e9jection sont actionn\u00e9es s\u00e9par\u00e9ment<\/li>\n<li>facile \u00e0 calibrer<\/li>\n<li>enti\u00e8rement en acier chrom\u00e9 et plastique<\/li>\n<li>avec capouchon de pluie<\/li>\n<\/ul>\n","protected":false},"featured_media":24605,"template":"","meta":{"_acf_changed":false},"product_brand":[],"product_cat":[1001,1028,1025,2817],"product_tag":[],"class_list":{"0":"entry","1":"author-sibeag","2":"has-excerpt","3":"post-25380","4":"product","5":"type-product","6":"status-publish","7":"has-post-thumbnail","8":"product_cat-greenkeeping-fr","9":"product_cat-traitement-des-greens","10":"product_cat-outils-dentretien","11":"product_cat-fertilisation","12":"product_shipping_class-objets-encombrants","14":"first","15":"instock","16":"taxable","17":"shipping-taxable","18":"purchasable","19":"product-type-variable"},"acf":[],"_links":{"self":[{"href":"https:\/\/sibeag.ch\/fr\/wp-json\/wp\/v2\/product\/25380","targetHints":{"allow":["GET"]}}],"collection":[{"href":"https:\/\/sibeag.ch\/fr\/wp-json\/wp\/v2\/product"}],"about":[{"href":"https:\/\/sibeag.ch\/fr\/wp-json\/wp\/v2\/types\/product"}],"wp:featuredmedia":[{"embeddable":true,"href":"https:\/\/sibeag.ch\/fr\/wp-json\/wp\/v2\/media\/24605"}],"wp:attachment":[{"href":"https:\/\/sibeag.ch\/fr\/wp-json\/wp\/v2\/media?parent=25380"}],"wp:term":[{"taxonomy":"product_brand","embeddable":true,"href":"https:\/\/sibeag.ch\/fr\/wp-json\/wp\/v2\/product_brand?post=25380"},{"taxonomy":"product_cat","embeddable":true,"href":"https:\/\/sibeag.ch\/fr\/wp-json\/wp\/v2\/product_cat?post=25380"},{"taxonomy":"product_tag","embeddable":true,"href":"https:\/\/sibeag.ch\/fr\/wp-json\/wp\/v2\/product_tag?post=25380"}],"curies":[{"name":"wp","href":"https:\/\/api.w.org\/{rel}","templated":true}]}}