{"id":30186,"date":"2020-01-22T15:16:04","date_gmt":"2020-01-22T14:16:04","guid":{"rendered":"https:\/\/www.sibeag.ch\/shop\/non%20class\u00e9\/edge-saver\/"},"modified":"2026-02-18T16:47:04","modified_gmt":"2026-02-18T15:47:04","slug":"edge-saver","status":"publish","type":"product","link":"https:\/\/sibeag.ch\/fr\/parcours-de-golf\/green-fr\/hampes-de-drapeaux\/pieces-detachees-accessoires-pour-hampe-de-drapeau\/edge-saver\/","title":{"rendered":"Edge Saver"},"content":{"rendered":"","protected":false},"excerpt":{"rendered":"<p><img loading=\"lazy\" decoding=\"async\" class=\"alignright size-medium wp-image-3355 paraide-logo\" src=\"https:\/\/www.sibeag.ch\/wp-content\/uploads\/ParAide-Logo-50x50.jpg\" alt=\"Logo Par Aide\" width=\"50\" height=\"50\"><\/p>\n<h1>Edge-Saver<\/h1>\n<ul>\n<li>permet de retirer les balles du trou sans abim\u00e9 les bords<\/li>\n<li>pos\u00e9 sans fixation pour une r\u00e9duction des bords abim\u00e9s<\/li>\n<li>compatible avec les hampes de drapeau avec ferrule Par Aide<\/li>\n<li>Paquet de 10 pi\u00e8ces<\/li>\n<\/ul>\n","protected":false},"featured_media":28776,"template":"","meta":{"_acf_changed":false},"product_brand":[],"product_cat":[961,971,978,1148],"product_tag":[2613],"class_list":{"0":"entry","1":"author-sibeag","2":"has-excerpt","3":"post-30186","4":"product","5":"type-product","6":"status-publish","7":"has-post-thumbnail","8":"product_cat-parcours-de-golf","9":"product_cat-green-fr","10":"product_cat-hampes-de-drapeaux","11":"product_cat-pieces-detachees-accessoires-pour-hampe-de-drapeau","12":"product_tag-solution-pour-les-bords-abimes","14":"first","15":"instock","16":"taxable","17":"shipping-taxable","18":"purchasable","19":"product-type-simple"},"acf":[],"_links":{"self":[{"href":"https:\/\/sibeag.ch\/fr\/wp-json\/wp\/v2\/product\/30186","targetHints":{"allow":["GET"]}}],"collection":[{"href":"https:\/\/sibeag.ch\/fr\/wp-json\/wp\/v2\/product"}],"about":[{"href":"https:\/\/sibeag.ch\/fr\/wp-json\/wp\/v2\/types\/product"}],"wp:featuredmedia":[{"embeddable":true,"href":"https:\/\/sibeag.ch\/fr\/wp-json\/wp\/v2\/media\/28776"}],"wp:attachment":[{"href":"https:\/\/sibeag.ch\/fr\/wp-json\/wp\/v2\/media?parent=30186"}],"wp:term":[{"taxonomy":"product_brand","embeddable":true,"href":"https:\/\/sibeag.ch\/fr\/wp-json\/wp\/v2\/product_brand?post=30186"},{"taxonomy":"product_cat","embeddable":true,"href":"https:\/\/sibeag.ch\/fr\/wp-json\/wp\/v2\/product_cat?post=30186"},{"taxonomy":"product_tag","embeddable":true,"href":"https:\/\/sibeag.ch\/fr\/wp-json\/wp\/v2\/product_tag?post=30186"}],"curies":[{"name":"wp","href":"https:\/\/api.w.org\/{rel}","templated":true}]}}