{"id":30223,"date":"2020-02-06T07:50:05","date_gmt":"2020-02-06T06:50:05","guid":{"rendered":"https:\/\/www.sibeag.ch\/shop\/non%20class\u00e9\/tapis-en-fibres-de-coco\/"},"modified":"2026-02-18T16:47:08","modified_gmt":"2026-02-18T15:47:08","slug":"mopp-kokos","status":"publish","type":"product","link":"https:\/\/sibeag.ch\/fr\/greenkeeping-fr\/traitement-des-greens\/tapis-a-tirer\/mopp-kokos\/","title":{"rendered":"Tapis en fibres de coco"},"content":{"rendered":"","protected":false},"excerpt":{"rendered":"<p><img loading=\"lazy\" decoding=\"async\" class=\"alignright size-medium wp-image-3355\" src=\"https:\/\/www.sibeag.ch\/wp-content\/uploads\/StandardGolf_Logo-300x83.jpg\" alt=\"Logo Standard Golf\" width=\"112\" height=\"31\"><\/p>\n<h1>Tapis en fibres de coco<\/h1>\n<ul>\n<li>Parfait pour les petits endroits trop d\u00e9licat pour les \u00e9quipements lourds.<\/li>\n<li>le m\u00eame mat\u00e9riel que notre tapis \u00e0 tirer en fibres de coco<\/li>\n<li>avec manche en alu 167cm<\/li>\n<\/ul>\n","protected":false},"featured_media":28709,"template":"","meta":{"_acf_changed":false},"product_brand":[2972],"product_cat":[1001,1028,2785,1025],"product_tag":[],"class_list":{"0":"entry","1":"author-sibeag","2":"has-excerpt","3":"post-30223","4":"product","5":"type-product","6":"status-publish","7":"has-post-thumbnail","8":"product_brand-standard-golf","9":"product_cat-greenkeeping-fr","10":"product_cat-traitement-des-greens","11":"product_cat-tapis-a-tirer","12":"product_cat-outils-dentretien","13":"product_shipping_class-objets-encombrants","15":"first","16":"instock","17":"taxable","18":"shipping-taxable","19":"purchasable","20":"product-type-simple"},"acf":[],"_links":{"self":[{"href":"https:\/\/sibeag.ch\/fr\/wp-json\/wp\/v2\/product\/30223","targetHints":{"allow":["GET"]}}],"collection":[{"href":"https:\/\/sibeag.ch\/fr\/wp-json\/wp\/v2\/product"}],"about":[{"href":"https:\/\/sibeag.ch\/fr\/wp-json\/wp\/v2\/types\/product"}],"wp:featuredmedia":[{"embeddable":true,"href":"https:\/\/sibeag.ch\/fr\/wp-json\/wp\/v2\/media\/28709"}],"wp:attachment":[{"href":"https:\/\/sibeag.ch\/fr\/wp-json\/wp\/v2\/media?parent=30223"}],"wp:term":[{"taxonomy":"product_brand","embeddable":true,"href":"https:\/\/sibeag.ch\/fr\/wp-json\/wp\/v2\/product_brand?post=30223"},{"taxonomy":"product_cat","embeddable":true,"href":"https:\/\/sibeag.ch\/fr\/wp-json\/wp\/v2\/product_cat?post=30223"},{"taxonomy":"product_tag","embeddable":true,"href":"https:\/\/sibeag.ch\/fr\/wp-json\/wp\/v2\/product_tag?post=30223"}],"curies":[{"name":"wp","href":"https:\/\/api.w.org\/{rel}","templated":true}]}}