{"id":30224,"date":"2020-01-16T10:48:09","date_gmt":"2020-01-16T09:48:09","guid":{"rendered":"https:\/\/www.sibeag.ch\/shop\/non class\u00e9\/poubelle-in-ground\/"},"modified":"2026-02-18T16:46:54","modified_gmt":"2026-02-18T15:46:54","slug":"poubelle-in-ground","status":"publish","type":"product","link":"https:\/\/sibeag.ch\/fr\/parcours-de-golf\/depart\/poubelles\/poubelle-in-ground\/","title":{"rendered":"Poubelle In-Ground"},"content":{"rendered":"","protected":false},"excerpt":{"rendered":"<p><img loading=\"lazy\" decoding=\"async\" class=\"alignright size-full wp-image-184\" src=\"https:\/\/www.sibeag.ch\/wp-content\/uploads\/Standard-Golf-Logo.jpg\" alt=\"Standard Golf Logo\" width=\"112\" height=\"30\"><\/p>\n<h1>Poubelle In-Ground<\/h1>\n<p>Pos\u00e9 dans le sol Gr\u00e2ce \u00e0 la couvercle, laquelle s&rsquo;ouvre par la p\u00e9dale de pied, les d\u00e9truits sont invisible.<\/p>\n<ul>\n<li>Capacit\u00e9 de 75 litres<\/li>\n<li>en acier galvanis\u00e9<\/li>\n<\/ul>\n","protected":false},"featured_media":28732,"template":"","meta":{"_acf_changed":false},"product_brand":[2972],"product_cat":[961,966,967],"product_tag":[],"class_list":{"0":"entry","1":"author-sibeag","2":"has-excerpt","3":"post-30224","4":"product","5":"type-product","6":"status-publish","7":"has-post-thumbnail","8":"product_brand-standard-golf","9":"product_cat-parcours-de-golf","10":"product_cat-depart","11":"product_cat-poubelles","13":"first","14":"instock","15":"taxable","16":"shipping-taxable","17":"purchasable","18":"product-type-simple"},"acf":[],"_links":{"self":[{"href":"https:\/\/sibeag.ch\/fr\/wp-json\/wp\/v2\/product\/30224","targetHints":{"allow":["GET"]}}],"collection":[{"href":"https:\/\/sibeag.ch\/fr\/wp-json\/wp\/v2\/product"}],"about":[{"href":"https:\/\/sibeag.ch\/fr\/wp-json\/wp\/v2\/types\/product"}],"wp:featuredmedia":[{"embeddable":true,"href":"https:\/\/sibeag.ch\/fr\/wp-json\/wp\/v2\/media\/28732"}],"wp:attachment":[{"href":"https:\/\/sibeag.ch\/fr\/wp-json\/wp\/v2\/media?parent=30224"}],"wp:term":[{"taxonomy":"product_brand","embeddable":true,"href":"https:\/\/sibeag.ch\/fr\/wp-json\/wp\/v2\/product_brand?post=30224"},{"taxonomy":"product_cat","embeddable":true,"href":"https:\/\/sibeag.ch\/fr\/wp-json\/wp\/v2\/product_cat?post=30224"},{"taxonomy":"product_tag","embeddable":true,"href":"https:\/\/sibeag.ch\/fr\/wp-json\/wp\/v2\/product_tag?post=30224"}],"curies":[{"name":"wp","href":"https:\/\/api.w.org\/{rel}","templated":true}]}}