{"id":30533,"date":"2020-03-20T16:13:53","date_gmt":"2020-03-20T15:13:53","guid":{"rendered":"https:\/\/www.sibeag.ch\/shop\/non class\u00e9\/pickcup-de-pitchfix\/"},"modified":"2026-02-18T16:47:17","modified_gmt":"2026-02-18T15:47:17","slug":"pickcup-von-pitchfix-2","status":"publish","type":"product","link":"https:\/\/sibeag.ch\/fr\/parcours-de-golf\/green-fr\/hampes-de-drapeaux\/pieces-detachees-accessoires-pour-hampe-de-drapeau\/pickcup-von-pitchfix-2\/","title":{"rendered":"PickCup de Pitchfix\u00ae"},"content":{"rendered":"","protected":false},"excerpt":{"rendered":"<h1>PickCup de Pitchfix\u00ae<\/h1>\n<p>&nbsp;<\/p>\n<p><strong>Le PickCup permet de jouer au golf sans toucher les hampes de drapeau.<\/strong><\/p>\n<p>Avec la bague de r\u00e9glage vous pouvez fixer le PickCup sur n&rsquo;importe quelle hauteur sur la hampe de drapeau. Cela signifie que la profondeur du trou peut \u00eatre facilement ajust\u00e9e et pendant la p\u00e9riode de transition vous l&rsquo;installez si haut que la balle ne tombe que de quelques centim\u00e8tres dans le trou.<\/p>\n<p>Le nouveau PickCup de Pitchfix\u00ae facilitent l&rsquo;enl\u00e8vement des balles entr\u00e9es dans le bogey et en m\u00eame temps prot\u00e8gent les bords d&rsquo;\u00eatre abim\u00e9s. Le PickCup est <strong>conforme aux r\u00e8gles du golf USGA et R&amp;A<\/strong> et est <strong>approuv\u00e9 pour les tournois<\/strong>.<\/p>\n<ul>\n<li>Paquet de 10 pi\u00e8ces<\/li>\n<\/ul>\n<p>https:\/\/www.youtube.com\/watch?v=XD66I-0U1ms<\/p>\n","protected":false},"featured_media":30523,"template":"","meta":{"_acf_changed":false},"product_brand":[],"product_cat":[961,971,978,1148],"product_tag":[2613],"class_list":{"0":"entry","1":"author-sibeag","2":"has-excerpt","3":"post-30533","4":"product","5":"type-product","6":"status-publish","7":"has-post-thumbnail","8":"product_cat-parcours-de-golf","9":"product_cat-green-fr","10":"product_cat-hampes-de-drapeaux","11":"product_cat-pieces-detachees-accessoires-pour-hampe-de-drapeau","12":"product_tag-solution-pour-les-bords-abimes","14":"first","15":"instock","16":"taxable","17":"shipping-taxable","18":"purchasable","19":"product-type-simple"},"acf":[],"_links":{"self":[{"href":"https:\/\/sibeag.ch\/fr\/wp-json\/wp\/v2\/product\/30533","targetHints":{"allow":["GET"]}}],"collection":[{"href":"https:\/\/sibeag.ch\/fr\/wp-json\/wp\/v2\/product"}],"about":[{"href":"https:\/\/sibeag.ch\/fr\/wp-json\/wp\/v2\/types\/product"}],"wp:featuredmedia":[{"embeddable":true,"href":"https:\/\/sibeag.ch\/fr\/wp-json\/wp\/v2\/media\/30523"}],"wp:attachment":[{"href":"https:\/\/sibeag.ch\/fr\/wp-json\/wp\/v2\/media?parent=30533"}],"wp:term":[{"taxonomy":"product_brand","embeddable":true,"href":"https:\/\/sibeag.ch\/fr\/wp-json\/wp\/v2\/product_brand?post=30533"},{"taxonomy":"product_cat","embeddable":true,"href":"https:\/\/sibeag.ch\/fr\/wp-json\/wp\/v2\/product_cat?post=30533"},{"taxonomy":"product_tag","embeddable":true,"href":"https:\/\/sibeag.ch\/fr\/wp-json\/wp\/v2\/product_tag?post=30533"}],"curies":[{"name":"wp","href":"https:\/\/api.w.org\/{rel}","templated":true}]}}