{"id":30711,"date":"2020-08-17T15:26:49","date_gmt":"2020-08-17T14:26:51","guid":{"rendered":"https:\/\/www.sibeag.ch\/?post_type=product&#038;p=30711"},"modified":"2024-11-30T08:35:32","modified_gmt":"2024-11-30T07:35:32","slug":"panneau-indicateur-fleches-verre-acrylique","status":"publish","type":"product","link":"https:\/\/sibeag.ch\/fr\/parcours-de-golf\/signaletique\/poteaux-indicateurs\/panneau-indicateur-fleches-verre-acrylique\/","title":{"rendered":"Panneau indicateur avec fl\u00e8ches en verre acrylique"},"content":{"rendered":"","protected":false},"excerpt":{"rendered":"<h1>Panneau indicateur avec fl\u00e8ches en verre acrylique<\/h1>\n<ul>\n<li>avec un poteau de 2700 mm en acier inoxydable<\/li>\n<li>quantit\u00e9 de fl\u00e8ches de direction \u00e0 choix<\/li>\n<\/ul>\n","protected":false},"featured_media":30713,"template":"","meta":{"_acf_changed":false},"product_brand":[],"product_cat":[974,1872],"product_tag":[2939],"class_list":{"0":"entry","1":"author-sibeag","2":"has-excerpt","3":"post-30711","4":"product","5":"type-product","6":"status-publish","7":"has-post-thumbnail","8":"product_cat-signaletique","9":"product_cat-poteaux-indicateurs","10":"product_tag-sur-demande","12":"first","13":"instock","14":"taxable","15":"shipping-taxable","16":"purchasable","17":"product-type-simple"},"acf":[],"_links":{"self":[{"href":"https:\/\/sibeag.ch\/fr\/wp-json\/wp\/v2\/product\/30711","targetHints":{"allow":["GET"]}}],"collection":[{"href":"https:\/\/sibeag.ch\/fr\/wp-json\/wp\/v2\/product"}],"about":[{"href":"https:\/\/sibeag.ch\/fr\/wp-json\/wp\/v2\/types\/product"}],"wp:featuredmedia":[{"embeddable":true,"href":"https:\/\/sibeag.ch\/fr\/wp-json\/wp\/v2\/media\/30713"}],"wp:attachment":[{"href":"https:\/\/sibeag.ch\/fr\/wp-json\/wp\/v2\/media?parent=30711"}],"wp:term":[{"taxonomy":"product_brand","embeddable":true,"href":"https:\/\/sibeag.ch\/fr\/wp-json\/wp\/v2\/product_brand?post=30711"},{"taxonomy":"product_cat","embeddable":true,"href":"https:\/\/sibeag.ch\/fr\/wp-json\/wp\/v2\/product_cat?post=30711"},{"taxonomy":"product_tag","embeddable":true,"href":"https:\/\/sibeag.ch\/fr\/wp-json\/wp\/v2\/product_tag?post=30711"}],"curies":[{"name":"wp","href":"https:\/\/api.w.org\/{rel}","templated":true}]}}