{"id":30799,"date":"2019-01-25T16:19:19","date_gmt":"2019-01-25T16:19:19","guid":{"rendered":"https:\/\/www.sibeag.ch\/shop\/non%20class\u00e9\/hellige-ph-meter\/"},"modified":"2026-02-18T16:38:56","modified_gmt":"2026-02-18T15:38:56","slug":"hellige-ph-meter-2","status":"publish","type":"product","link":"https:\/\/sibeag.ch\/fr\/greenkeeping-fr\/outils-de-mesure\/mesures-de-ph\/hellige-ph-meter-2\/","title":{"rendered":"pH-m\u00e8tre Hellige"},"content":{"rendered":"","protected":false},"excerpt":{"rendered":"<h1>pH-m\u00e8tre Hellige<\/h1>\n<ul>\n<li>comprenant : une plaque de mesure du pH avec \u00e9chelle de couleurs, une petite cuill\u00e8re pour les \u00e9chantillons de sol et un flacon compte-gouttes pour 50 \u00e0 60 analyses avec l&rsquo;indicateur de sol<\/li>\n<\/ul>\n","protected":false},"featured_media":10376,"template":"","meta":{"_acf_changed":false},"product_brand":[],"product_cat":[1001,1923,2809],"product_tag":[],"class_list":{"0":"entry","1":"author-sibegolf","2":"has-excerpt","3":"post-30799","4":"product","5":"type-product","6":"status-publish","7":"has-post-thumbnail","8":"product_cat-greenkeeping-fr","9":"product_cat-outils-de-mesure","10":"product_cat-mesures-de-ph","12":"first","13":"instock","14":"taxable","15":"shipping-taxable","16":"purchasable","17":"product-type-simple"},"acf":[],"_links":{"self":[{"href":"https:\/\/sibeag.ch\/fr\/wp-json\/wp\/v2\/product\/30799","targetHints":{"allow":["GET"]}}],"collection":[{"href":"https:\/\/sibeag.ch\/fr\/wp-json\/wp\/v2\/product"}],"about":[{"href":"https:\/\/sibeag.ch\/fr\/wp-json\/wp\/v2\/types\/product"}],"wp:featuredmedia":[{"embeddable":true,"href":"https:\/\/sibeag.ch\/fr\/wp-json\/wp\/v2\/media\/10376"}],"wp:attachment":[{"href":"https:\/\/sibeag.ch\/fr\/wp-json\/wp\/v2\/media?parent=30799"}],"wp:term":[{"taxonomy":"product_brand","embeddable":true,"href":"https:\/\/sibeag.ch\/fr\/wp-json\/wp\/v2\/product_brand?post=30799"},{"taxonomy":"product_cat","embeddable":true,"href":"https:\/\/sibeag.ch\/fr\/wp-json\/wp\/v2\/product_cat?post=30799"},{"taxonomy":"product_tag","embeddable":true,"href":"https:\/\/sibeag.ch\/fr\/wp-json\/wp\/v2\/product_tag?post=30799"}],"curies":[{"name":"wp","href":"https:\/\/api.w.org\/{rel}","templated":true}]}}