{"id":30825,"date":"2019-10-24T08:43:44","date_gmt":"2020-10-06T09:17:39","guid":{"rendered":"https:\/\/www.sibeag.ch\/shop\/non%20class\u00e9\/panneau-de-depart-technowood-leven\/"},"modified":"2026-02-18T17:22:12","modified_gmt":"2026-02-18T16:22:12","slug":"panneau-depart-technowood-leven","status":"publish","type":"product","link":"https:\/\/sibeag.ch\/fr\/parcours-de-golf\/signaletique\/panneaux-de-depart-fr\/en-plastique\/panneau-depart-technowood-leven\/","title":{"rendered":"Panneau de d\u00e9part Technowood Leven"},"content":{"rendered":"","protected":false},"excerpt":{"rendered":"<p><img decoding=\"async\" class=\"alignright size-medium wp-image-3355 pattisson\" src=\"https:\/\/www.sibeag.ch\/wp-content\/uploads\/Pattisson_Logo.jpg\" alt=\"Logo Pattisson\" width=\"78px\"><\/p>\n<h1>Panneau de d\u00e9part Technowood Leven<\/h1>\n<p>Le nouveau mat\u00e9riel Technowood est similair au bois mais n&rsquo;est pas expos\u00e9 aux limites du bois. Le Technowood est compos\u00e9s de plastique recycl\u00e9 et fibre de verre. En plus, le film de surface garantie une r\u00e9sistance des couleurs de 10 ans et une dur\u00e9e de vie estim\u00e9 de 30 ans. sans maintenance et possibilit\u00e9s infinies<\/p>\n<ul>\n<li>200 x 71 cm (H x L)<\/li>\n<li>avec panneau promotionnel (25 x 62 cm)<\/li>\n<li>Conception libre de la plaque<\/li>\n<\/ul>\n","protected":false},"featured_media":26667,"template":"","meta":{"_acf_changed":false},"product_brand":[],"product_cat":[961,966,1043,974,1044,1045],"product_tag":[2939],"class_list":{"0":"entry","1":"author-sibeag","2":"has-excerpt","3":"post-30825","4":"product","5":"type-product","6":"status-publish","7":"has-post-thumbnail","8":"product_cat-parcours-de-golf","9":"product_cat-depart","10":"product_cat-panneaux-de-depart","11":"product_cat-signaletique","12":"product_cat-panneaux-de-depart-fr","13":"product_cat-en-plastique","14":"product_tag-sur-demande","16":"first","17":"instock","18":"taxable","19":"shipping-taxable","20":"purchasable","21":"product-type-variable"},"acf":[],"_links":{"self":[{"href":"https:\/\/sibeag.ch\/fr\/wp-json\/wp\/v2\/product\/30825","targetHints":{"allow":["GET"]}}],"collection":[{"href":"https:\/\/sibeag.ch\/fr\/wp-json\/wp\/v2\/product"}],"about":[{"href":"https:\/\/sibeag.ch\/fr\/wp-json\/wp\/v2\/types\/product"}],"wp:featuredmedia":[{"embeddable":true,"href":"https:\/\/sibeag.ch\/fr\/wp-json\/wp\/v2\/media\/26667"}],"wp:attachment":[{"href":"https:\/\/sibeag.ch\/fr\/wp-json\/wp\/v2\/media?parent=30825"}],"wp:term":[{"taxonomy":"product_brand","embeddable":true,"href":"https:\/\/sibeag.ch\/fr\/wp-json\/wp\/v2\/product_brand?post=30825"},{"taxonomy":"product_cat","embeddable":true,"href":"https:\/\/sibeag.ch\/fr\/wp-json\/wp\/v2\/product_cat?post=30825"},{"taxonomy":"product_tag","embeddable":true,"href":"https:\/\/sibeag.ch\/fr\/wp-json\/wp\/v2\/product_tag?post=30825"}],"curies":[{"name":"wp","href":"https:\/\/api.w.org\/{rel}","templated":true}]}}