{"id":30837,"date":"2020-01-22T15:24:48","date_gmt":"2020-10-06T09:32:36","guid":{"rendered":"https:\/\/www.sibeag.ch\/shop\/non class\u00e9\/cup-saver-2\/"},"modified":"2026-02-18T17:22:28","modified_gmt":"2026-02-18T16:22:28","slug":"cup-saver-2-2","status":"publish","type":"product","link":"https:\/\/sibeag.ch\/fr\/parcours-de-golf\/green-fr\/hampes-de-drapeaux\/pieces-detachees-accessoires-pour-hampe-de-drapeau\/cup-saver-2-2\/","title":{"rendered":"Cup Saver"},"content":{"rendered":"","protected":false},"excerpt":{"rendered":"<p><img loading=\"lazy\" decoding=\"async\" class=\"alignright size-medium wp-image-3355\" src=\"https:\/\/www.sibeag.ch\/wp-content\/uploads\/StandardGolf_Logo-300x83.jpg\" alt=\"Logo Standard Golf\" width=\"112\" height=\"31\"><\/p>\n<h1>Cup Saver<\/h1>\n<p>Assurez-vous que les bords des trous ne soient plus endommag\u00e9s avec le Cup Saver de Standard Golf, Le Cup Saver peut \u00eatre fix\u00e9e \u00e0 des hampes de drapeau de Standard Golf gr\u00e2ce \u00e0 un simple m\u00e9canisme de verrouillage. De ce fait, les balles coinc\u00e9es peuvent \u00eatre simplement retir\u00e9es du trou en soulevant la hampe sans endommager le bord du trou.<\/p>\n<ul>\n<li>en polym\u00e8re r\u00e9sistant<\/li>\n<\/ul>\n","protected":false},"featured_media":28715,"template":"","meta":{"_acf_changed":false},"product_brand":[],"product_cat":[961,971,978,1148],"product_tag":[2613],"class_list":{"0":"entry","1":"author-sibeag","2":"has-excerpt","3":"post-30837","4":"product","5":"type-product","6":"status-publish","7":"has-post-thumbnail","8":"product_cat-parcours-de-golf","9":"product_cat-green-fr","10":"product_cat-hampes-de-drapeaux","11":"product_cat-pieces-detachees-accessoires-pour-hampe-de-drapeau","12":"product_tag-solution-pour-les-bords-abimes","14":"first","15":"instock","16":"taxable","17":"shipping-taxable","18":"purchasable","19":"product-type-variable"},"acf":[],"_links":{"self":[{"href":"https:\/\/sibeag.ch\/fr\/wp-json\/wp\/v2\/product\/30837","targetHints":{"allow":["GET"]}}],"collection":[{"href":"https:\/\/sibeag.ch\/fr\/wp-json\/wp\/v2\/product"}],"about":[{"href":"https:\/\/sibeag.ch\/fr\/wp-json\/wp\/v2\/types\/product"}],"wp:featuredmedia":[{"embeddable":true,"href":"https:\/\/sibeag.ch\/fr\/wp-json\/wp\/v2\/media\/28715"}],"wp:attachment":[{"href":"https:\/\/sibeag.ch\/fr\/wp-json\/wp\/v2\/media?parent=30837"}],"wp:term":[{"taxonomy":"product_brand","embeddable":true,"href":"https:\/\/sibeag.ch\/fr\/wp-json\/wp\/v2\/product_brand?post=30837"},{"taxonomy":"product_cat","embeddable":true,"href":"https:\/\/sibeag.ch\/fr\/wp-json\/wp\/v2\/product_cat?post=30837"},{"taxonomy":"product_tag","embeddable":true,"href":"https:\/\/sibeag.ch\/fr\/wp-json\/wp\/v2\/product_tag?post=30837"}],"curies":[{"name":"wp","href":"https:\/\/api.w.org\/{rel}","templated":true}]}}