{"id":30846,"date":"2019-10-24T08:57:59","date_gmt":"2020-10-06T09:46:40","guid":{"rendered":"https:\/\/www.sibeag.ch\/shop\/non%20class\u00e9\/panneau-de-fairway-technowood\/"},"modified":"2024-11-30T08:35:35","modified_gmt":"2024-11-30T07:35:35","slug":"panneau-fairway-technowood","status":"publish","type":"product","link":"https:\/\/sibeag.ch\/fr\/parcours-de-golf\/signaletique\/panneaux-de-fairway\/panneau-fairway-technowood\/","title":{"rendered":"Panneau de Fairway Technowood"},"content":{"rendered":"","protected":false},"excerpt":{"rendered":"<p><img decoding=\"async\" class=\"alignright size-medium wp-image-3355 pattisson\" src=\"https:\/\/www.sibeag.ch\/wp-content\/uploads\/Pattisson_Logo.jpg\" alt=\"Logo Pattisson\" width=\"78px\"><\/p>\n<h1>Panneau de Fairway Technowood<\/h1>\n<p>Le nouveau mat\u00e9riel Technowood est similair au bois mais n&rsquo;est pas expos\u00e9 aux limites du bois. Le Technowood est compos\u00e9s de plastique recycl\u00e9 et fibre de verre. En plus, le film de surface garantie une r\u00e9sistance des couleurs de 10 ans et une dur\u00e9e de vie estim\u00e9 de 30 ans. sans maintenance et possibilit\u00e9s infinies<\/p>\n<ul>\n<li>Le texte \u00e0 la demande est plac\u00e9 sur une plaque sur le panneau<\/li>\n<\/ul>\n","protected":false},"featured_media":26674,"template":"","meta":{"_acf_changed":false},"product_brand":[],"product_cat":[961,974,975],"product_tag":[2939],"class_list":{"0":"entry","1":"author-sibeag","2":"has-excerpt","3":"post-30846","4":"product","5":"type-product","6":"status-publish","7":"has-post-thumbnail","8":"product_cat-parcours-de-golf","9":"product_cat-signaletique","10":"product_cat-panneaux-de-fairway","11":"product_tag-sur-demande","13":"first","14":"instock","15":"taxable","16":"shipping-taxable","17":"purchasable","18":"product-type-variable"},"acf":[],"_links":{"self":[{"href":"https:\/\/sibeag.ch\/fr\/wp-json\/wp\/v2\/product\/30846","targetHints":{"allow":["GET"]}}],"collection":[{"href":"https:\/\/sibeag.ch\/fr\/wp-json\/wp\/v2\/product"}],"about":[{"href":"https:\/\/sibeag.ch\/fr\/wp-json\/wp\/v2\/types\/product"}],"wp:featuredmedia":[{"embeddable":true,"href":"https:\/\/sibeag.ch\/fr\/wp-json\/wp\/v2\/media\/26674"}],"wp:attachment":[{"href":"https:\/\/sibeag.ch\/fr\/wp-json\/wp\/v2\/media?parent=30846"}],"wp:term":[{"taxonomy":"product_brand","embeddable":true,"href":"https:\/\/sibeag.ch\/fr\/wp-json\/wp\/v2\/product_brand?post=30846"},{"taxonomy":"product_cat","embeddable":true,"href":"https:\/\/sibeag.ch\/fr\/wp-json\/wp\/v2\/product_cat?post=30846"},{"taxonomy":"product_tag","embeddable":true,"href":"https:\/\/sibeag.ch\/fr\/wp-json\/wp\/v2\/product_tag?post=30846"}],"curies":[{"name":"wp","href":"https:\/\/api.w.org\/{rel}","templated":true}]}}