{"id":30848,"date":"2019-07-16T10:15:52","date_gmt":"2020-10-06T09:50:27","guid":{"rendered":"https:\/\/www.sibeag.ch\/shop\/non%20class\u00e9\/tapis-dentree-avec-logo\/"},"modified":"2024-11-30T08:45:21","modified_gmt":"2024-11-30T07:45:21","slug":"tapis-dentree-avec-logo","status":"publish","type":"product","link":"https:\/\/sibeag.ch\/fr\/club-house\/entree\/paillassons\/tapis-dentree-avec-logo\/","title":{"rendered":"Tapis d\u2019entr\u00e9e avec logo"},"content":{"rendered":"","protected":false},"excerpt":{"rendered":"<h1>Tapis d\u2019entr\u00e9e avec logo<\/h1>\n<p>Tapis d\u2019entr\u00e9e de haute qualit\u00e9 avec logo pour le Clubhaus ou des \u00e9v\u00e9nements.<\/p>\n<ul>\n<li>Largeur standard : 60cm, 75 cm, 85 cm, 115 cm, 150 cm et 200 cm<\/li>\n<li>Longueur jusqu&rsquo;\u00e0 700 cm possible<\/li>\n<li>Sous-sol antid\u00e9rapant<\/li>\n<li>lavable<\/li>\n<li>Tailles sp\u00e9ciales sur demande<\/li>\n<\/ul>\n","protected":false},"featured_media":121056,"template":"","meta":{"_acf_changed":false},"product_brand":[],"product_cat":[962,2762,1095,1104,2170],"product_tag":[2948,2939],"class_list":{"0":"entry","1":"author-sibeag","2":"has-excerpt","3":"post-30848","4":"product","5":"type-product","6":"status-publish","7":"has-post-thumbnail","8":"product_cat-club-house","9":"product_cat-entree","10":"product_cat-paillassons","11":"product_cat-articles-logote","12":"product_cat-tapis-de-bienvenue","13":"product_tag-prix-avec-logo","14":"product_tag-sur-demande","16":"first","17":"instock","18":"taxable","19":"shipping-taxable","20":"purchasable","21":"product-type-variable"},"acf":[],"_links":{"self":[{"href":"https:\/\/sibeag.ch\/fr\/wp-json\/wp\/v2\/product\/30848","targetHints":{"allow":["GET"]}}],"collection":[{"href":"https:\/\/sibeag.ch\/fr\/wp-json\/wp\/v2\/product"}],"about":[{"href":"https:\/\/sibeag.ch\/fr\/wp-json\/wp\/v2\/types\/product"}],"wp:featuredmedia":[{"embeddable":true,"href":"https:\/\/sibeag.ch\/fr\/wp-json\/wp\/v2\/media\/121056"}],"wp:attachment":[{"href":"https:\/\/sibeag.ch\/fr\/wp-json\/wp\/v2\/media?parent=30848"}],"wp:term":[{"taxonomy":"product_brand","embeddable":true,"href":"https:\/\/sibeag.ch\/fr\/wp-json\/wp\/v2\/product_brand?post=30848"},{"taxonomy":"product_cat","embeddable":true,"href":"https:\/\/sibeag.ch\/fr\/wp-json\/wp\/v2\/product_cat?post=30848"},{"taxonomy":"product_tag","embeddable":true,"href":"https:\/\/sibeag.ch\/fr\/wp-json\/wp\/v2\/product_tag?post=30848"}],"curies":[{"name":"wp","href":"https:\/\/api.w.org\/{rel}","templated":true}]}}