{"id":30853,"date":"2020-09-23T07:06:56","date_gmt":"2020-10-06T09:56:59","guid":{"rendered":"https:\/\/www.sibeag.ch\/shop\/non%20class\u00e9\/range-presentateur-pyramide\/"},"modified":"2020-11-01T06:50:07","modified_gmt":"2020-11-01T05:50:07","slug":"range-presentateur-pyramide","status":"publish","type":"product","link":"https:\/\/sibeag.ch\/fr\/practice-driving-range\/zone-de-depart\/separateurs-supports-de-sac\/range-presentateur-pyramide\/","title":{"rendered":"Range Pr\u00e9sentateur Pyramide"},"content":{"rendered":"","protected":false},"excerpt":{"rendered":"<h1>Range Pr\u00e9sentateur Pyramide<\/h1>\n<ul>\n<li>50 x 25 cm (L x H)<\/li>\n<li>logo imprim\u00e9 sur les deux c\u00f4t\u00e9s<\/li>\n<li>agrafes inclus<\/li>\n<\/ul>\n","protected":false},"featured_media":30777,"template":"","meta":{"_acf_changed":false},"product_brand":[],"product_cat":[964,2768,1041,1104,2640],"product_tag":[],"class_list":{"0":"entry","1":"author-sibeag","2":"has-excerpt","3":"post-30853","4":"product","5":"type-product","6":"status-publish","7":"has-post-thumbnail","8":"product_cat-practice-driving-range","9":"product_cat-zone-de-depart","10":"product_cat-separateurs-supports-de-sac","11":"product_cat-articles-logote","12":"product_cat-presentateur","14":"first","15":"instock","16":"taxable","17":"shipping-taxable","18":"purchasable","19":"product-type-simple"},"acf":[],"_links":{"self":[{"href":"https:\/\/sibeag.ch\/fr\/wp-json\/wp\/v2\/product\/30853","targetHints":{"allow":["GET"]}}],"collection":[{"href":"https:\/\/sibeag.ch\/fr\/wp-json\/wp\/v2\/product"}],"about":[{"href":"https:\/\/sibeag.ch\/fr\/wp-json\/wp\/v2\/types\/product"}],"wp:featuredmedia":[{"embeddable":true,"href":"https:\/\/sibeag.ch\/fr\/wp-json\/wp\/v2\/media\/30777"}],"wp:attachment":[{"href":"https:\/\/sibeag.ch\/fr\/wp-json\/wp\/v2\/media?parent=30853"}],"wp:term":[{"taxonomy":"product_brand","embeddable":true,"href":"https:\/\/sibeag.ch\/fr\/wp-json\/wp\/v2\/product_brand?post=30853"},{"taxonomy":"product_cat","embeddable":true,"href":"https:\/\/sibeag.ch\/fr\/wp-json\/wp\/v2\/product_cat?post=30853"},{"taxonomy":"product_tag","embeddable":true,"href":"https:\/\/sibeag.ch\/fr\/wp-json\/wp\/v2\/product_tag?post=30853"}],"curies":[{"name":"wp","href":"https:\/\/api.w.org\/{rel}","templated":true}]}}