{"id":30873,"date":"2019-02-27T19:49:44","date_gmt":"2020-10-06T10:09:00","guid":{"rendered":"https:\/\/www.sibeag.ch\/shop\/non%20class\u00e9\/divider-electronique-es15\/"},"modified":"2024-11-30T08:45:52","modified_gmt":"2024-11-30T07:45:52","slug":"divider-electronique-es15","status":"publish","type":"product","link":"https:\/\/sibeag.ch\/fr\/practice-driving-range\/appareils-de-mesure\/appareils-de-mesure-fr\/divider-electronique-es15\/","title":{"rendered":"Divider \u00e9lectronique ES15"},"content":{"rendered":"","protected":false},"excerpt":{"rendered":"<h1>Divider \u00e9lectronique ES15<\/h1>\n<p>L\u2019ES15 fournit les donn\u00e9es de frappe sur 2 \u00e9crans LCD et est \u00e9galement \u00e9quip\u00e9 de Bluetooth et peut ainsi \u00eatre connect\u00e9 \u00e0 l\u2019application mobile gratuite. Se connecter \u00e0 l\u2019ES15 via le smartphone r\u00e9ussit en quelques secondes et permet aux joueurs d\u2019avoir plus de possibilit\u00e9s d\u2019entra\u00eenement. L\u2019application permet une reproduction vocale des donn\u00e9es de frappe qui peuvent \u00e9galement \u00eatre envoy\u00e9es par e-mail.<\/p>\n<ul>\n<li>2 affichages pour l&rsquo;indication de la distance, la vitesse de balle, le taux de rotation, le facteur de smash, et la vitesse de club<\/li>\n<li>couvertures personnalis\u00e9es disponibles pour les sponsors<\/li>\n<li>pour les d\u00e9parts depuis les tapis et du gazon<\/li>\n<li>D\u2019autres donn\u00e9es de mesure et jeux sont visibles via l\u2019application<\/li>\n<\/ul>\n","protected":false},"featured_media":18228,"template":"","meta":{"_acf_changed":false},"product_brand":[],"product_cat":[964,1941,2776],"product_tag":[2939],"class_list":{"0":"entry","1":"author-sibeag","2":"has-excerpt","3":"post-30873","4":"product","5":"type-product","6":"status-publish","7":"has-post-thumbnail","8":"product_cat-practice-driving-range","9":"product_cat-appareils-de-mesure","10":"product_cat-appareils-de-mesure-fr","11":"product_tag-sur-demande","13":"first","14":"instock","15":"taxable","16":"shipping-taxable","17":"purchasable","18":"product-type-variable"},"acf":[],"_links":{"self":[{"href":"https:\/\/sibeag.ch\/fr\/wp-json\/wp\/v2\/product\/30873","targetHints":{"allow":["GET"]}}],"collection":[{"href":"https:\/\/sibeag.ch\/fr\/wp-json\/wp\/v2\/product"}],"about":[{"href":"https:\/\/sibeag.ch\/fr\/wp-json\/wp\/v2\/types\/product"}],"wp:featuredmedia":[{"embeddable":true,"href":"https:\/\/sibeag.ch\/fr\/wp-json\/wp\/v2\/media\/18228"}],"wp:attachment":[{"href":"https:\/\/sibeag.ch\/fr\/wp-json\/wp\/v2\/media?parent=30873"}],"wp:term":[{"taxonomy":"product_brand","embeddable":true,"href":"https:\/\/sibeag.ch\/fr\/wp-json\/wp\/v2\/product_brand?post=30873"},{"taxonomy":"product_cat","embeddable":true,"href":"https:\/\/sibeag.ch\/fr\/wp-json\/wp\/v2\/product_cat?post=30873"},{"taxonomy":"product_tag","embeddable":true,"href":"https:\/\/sibeag.ch\/fr\/wp-json\/wp\/v2\/product_tag?post=30873"}],"curies":[{"name":"wp","href":"https:\/\/api.w.org\/{rel}","templated":true}]}}